{"id":7878,"date":"2025-08-23T17:24:46","date_gmt":"2025-08-23T17:24:46","guid":{"rendered":"https:\/\/staging.izanka-zadar.hr\/?post_type=product&#038;p=7878"},"modified":"2025-10-26T23:11:04","modified_gmt":"2025-10-26T23:11:04","slug":"parangal-za-mole","status":"publish","type":"product","link":"https:\/\/staging.izanka-zadar.hr\/en\/product\/parangal-za-mole\/","title":{"rendered":"Hake longline"},"content":{"rendered":"<h3><strong>Hake Longline \u2013 the perfect tool for catching hake<\/strong><\/h3>\n<p class=\"translation-block\">Longline with Floats and Rope Main Line is a fishing tool designed for <strong>hake fishing<\/strong>. Its special feature lies in the use of a <strong>float<\/strong>, which prevents the bait from falling to the bottom, thus avoiding unwanted catches of starfish and spiny dyre-murex. This longline is available in three sizes \u2013 with <strong>30, 50 or 100 hooks<\/strong> \u2013 making it adaptable to different fishing conditions.<\/p>\n<h4><strong>Key features:<\/strong><\/h4>\n<ul>\n<li class=\"translation-block\"><strong>Float<\/strong>: Prevents the bait from falling to the bottom, increasing the chance of catching hake.<\/li>\n<li class=\"translation-block\"><strong>Hooks<\/strong>: High-quality <strong>Mustad 2310dt<\/strong> hooks made of prochrome\/stainless steel, sizes 9, 10 and 11, are used.<\/li>\n<li class=\"translation-block\"><strong>Base<\/strong>: Made of <strong>1.5 mm diameter synthetic braid<\/strong>, which ensures durability and reliability.<\/li>\n<li class=\"translation-block\"><strong>Rigs<\/strong>: Lengths around <strong>60\u201370 cm<\/strong>, with a thickness of <strong>0.60 to 0.80 mm<\/strong>, depending on the hook size.<\/li>\n<li class=\"translation-block\"><strong>Sinker<\/strong>: Each hook has a <strong>3g sinker<\/strong>\u00a0to ensure stability and prevent the line from lifting.<\/li>\n<\/ul>\n<h4><strong>How to use Longline with Floats and Nylon Main Line?<\/strong><\/h4>\n<ol start=\"1\">\n<li class=\"translation-block\"><strong>Preparing the longline<\/strong>: Attach the <a href=\"https:\/\/izanka-zadar.hr\/testing5\/proizvod\/kavical-s-konopom\/\" target=\"_blank\" rel=\"noopener\"><strong>marker<\/strong><\/a> to one end of the base and lower the weight to the bottom.<\/li>\n<li class=\"translation-block\"><strong>Laying the hooks<\/strong>: Lay the base with the hooks into the sea, with the distance between the hooks <strong>about 5 meters<\/strong>.<\/li>\n<li class=\"translation-block\"><strong>Finishing the laying<\/strong>: Attach another marker to the other end of the base and lower the weight to the bottom.<\/li>\n<li class=\"translation-block\"><strong>Additional markers<\/strong>: Depending on the length of the longline and the terrain, you can add one or more markers to the middle of the base.<\/li>\n<\/ol>\n<h4><strong>Why choose Longline with Floats and Rope Main Line?<\/strong><\/h4>\n<ul>\n<li class=\"translation-block\"><strong>High efficiency<\/strong>: The float prevents the bait from falling to the bottom, increasing the chance of catching hake.<\/li>\n<li class=\"translation-block\"><strong>Versatility<\/strong>: Available in three sizes (30, 50, 100 hooks), making it adaptable to different fishing conditions.<\/li>\n<li class=\"translation-block\"><strong>Quality components<\/strong>: Hooks <a href=\"https:\/\/musstad-fishing.com\/eu\" target=\"_blank\" rel=\"noopener\">Mustad<\/a> 2310dt, solid base and leads ensure durability and reliability. We use the \"Greek type of bucket\" because of its practicality and resistance to weather conditions.<\/li>\n<li class=\"translation-block\"><strong>Easy to use<\/strong>: Easy to install and remove, even for beginners.<\/li>\n<\/ul>\n<h4><strong>Tips for successful fishing:<\/strong><\/h4>\n<ul>\n<li class=\"translation-block\"><strong>Choose the right place<\/strong>: Hake live in areas with rocky and sandy bottoms.<\/li>\n<li class=\"translation-block\"><strong>Use natural baits<\/strong>: Use <strong>sardine, sprat, or sand smelt<\/strong> as bait.<\/li>\n<li class=\"translation-block\"><strong>Monitor the weather conditions<\/strong>: You will achieve the best results during calm seas and light winds.<\/li>\n<li class=\"translation-block\">Find more information about longline fishing on our <a href=\"https:\/\/izanka-zadar.hr\/testing5\/wp-admin\/post.php?post=5980&amp;action=edit\" target=\"_blank\" rel=\"noopener\">blog.<\/a><\/li>\n<\/ul>\n<hr \/>\n<h3><strong>Technical specifications:<\/strong><\/h3>\n<ul>\n<li class=\"translation-block\"><strong>Base thickness<\/strong>: 1.5 mm (synthetic braid)<\/li>\n<li class=\"translation-block\"><strong>Rig thickness<\/strong>: 0.60\u20130.80 mm<\/li>\n<li class=\"translation-block\"><strong>Length of the rig<\/strong>: approx. 60\u201370 cm<\/li>\n<li class=\"translation-block\"><strong>Hook spacing<\/strong>: approx. 5 m<\/li>\n<li class=\"translation-block\"><strong>Hooks<\/strong>: Mustad 2310dt, sizes 9\u201311<\/li>\n<li class=\"translation-block\"><strong>Float<\/strong>: \u00d8 18 mm (red or yellow)<\/li>\n<li class=\"translation-block\"><strong>Sinker<\/strong>: 3 g (fixed)<\/li>\n<\/ul>\n<p>Tekst od varijacija:<\/p>\n<p>BASIS: colored synthetic braid \u00d8 1.5 mm<br \/>\nLEAD: nylon \u00d8 0.80 mm<br \/>\nLEAD LENGTH: approx. 60 cm<br \/>\nHOOK: Mustad 2310dt No. 9<br \/>\nDISTANCE BETWEEN HOOKS: approx. 5 m<br \/>\nFLOAT \u00d8 18 mm (color red or yellow depending on availability)<br \/>\nSINKER 3g fixed<br \/>\nDepending on availability, the bucket may be blue or green. The photo is for informational purposes only.<\/p>","protected":false},"excerpt":{"rendered":"<p>Hake longline<\/p>\n<p>&nbsp;<\/p>","protected":false},"featured_media":8394,"comment_status":"open","ping_status":"closed","template":"","meta":{"_acf_changed":false},"product_brand":[],"product_cat":[503,355],"product_tag":[437,434,435,441],"class_list":{"0":"post-7878","1":"product","2":"type-product","3":"status-publish","4":"has-post-thumbnail","6":"product_cat-parangal-za-mole","7":"product_cat-parangali-za-ribolov","8":"product_tag-lebdeci-parangal","9":"product_tag-parangal-za-mole","10":"product_tag-plivajuci-parangal","11":"product_tag-plutajuci-parangal","13":"first","14":"instock","15":"taxable","16":"shipping-taxable","17":"purchasable","18":"product-type-variable"},"acf":[],"yoast_head":"<!-- This site is optimized with the Yoast SEO plugin v26.4 - https:\/\/yoast.com\/wordpress\/plugins\/seo\/ -->\n<title>Parangal za Mole - I\u017eanka Zadar<\/title>\n<meta name=\"description\" content=\"Parangal za Mole - gotov parangal za mole s konopom i plovcima, udice Mustad. Savr\u0161en alat za lov mola potra\u017eite u na\u0161oj web trgovini!\" \/>\n<meta name=\"robots\" content=\"noindex, follow, max-snippet:-1, max-image-preview:large, max-video-preview:-1\" \/>\n<meta property=\"og:locale\" content=\"en_GB\" \/>\n<meta property=\"og:type\" content=\"article\" \/>\n<meta property=\"og:title\" content=\"Parangal za Mole - I\u017eanka Zadar\" \/>\n<meta property=\"og:description\" content=\"Parangal za Mole - gotov parangal za mole s konopom i plovcima, udice Mustad. Savr\u0161en alat za lov mola potra\u017eite u na\u0161oj web trgovini!\" \/>\n<meta property=\"og:url\" content=\"https:\/\/staging.izanka-zadar.hr\/en\/product\/parangal-za-mole\/\" \/>\n<meta property=\"og:site_name\" content=\"I\u017eanka Zadar\" \/>\n<meta property=\"article:modified_time\" content=\"2025-10-26T23:11:04+00:00\" \/>\n<meta property=\"og:image\" content=\"https:\/\/staging.izanka-zadar.hr\/wp-content\/uploads\/2025\/08\/Parangal-za-Mole-50-udica-a.webp\" \/>\n\t<meta property=\"og:image:width\" content=\"800\" \/>\n\t<meta property=\"og:image:height\" content=\"800\" \/>\n\t<meta property=\"og:image:type\" content=\"image\/webp\" \/>\n<meta name=\"twitter:card\" content=\"summary_large_image\" \/>\n<meta name=\"twitter:label1\" content=\"Estimated reading time\" \/>\n\t<meta name=\"twitter:data1\" content=\"3 minutes\" \/>\n<script type=\"application\/ld+json\" class=\"yoast-schema-graph\">{\"@context\":\"https:\/\/schema.org\",\"@graph\":[{\"@type\":\"WebPage\",\"@id\":\"https:\/\/staging.izanka-zadar.hr\/proizvod\/parangal-za-mole\/\",\"url\":\"https:\/\/staging.izanka-zadar.hr\/proizvod\/parangal-za-mole\/\",\"name\":\"Parangal za Mole - I\u017eanka Zadar\",\"isPartOf\":{\"@id\":\"https:\/\/staging.izanka-zadar.hr\/#website\"},\"primaryImageOfPage\":{\"@id\":\"https:\/\/staging.izanka-zadar.hr\/proizvod\/parangal-za-mole\/#primaryimage\"},\"image\":{\"@id\":\"https:\/\/staging.izanka-zadar.hr\/proizvod\/parangal-za-mole\/#primaryimage\"},\"thumbnailUrl\":\"https:\/\/staging.izanka-zadar.hr\/wp-content\/uploads\/2025\/08\/Parangal-za-Mole-50-udica-a.webp\",\"datePublished\":\"2025-08-23T17:24:46+00:00\",\"dateModified\":\"2025-10-26T23:11:04+00:00\",\"description\":\"Parangal za Mole - gotov parangal za mole s konopom i plovcima, udice Mustad. Savr\u0161en alat za lov mola potra\u017eite u na\u0161oj web trgovini!\",\"breadcrumb\":{\"@id\":\"https:\/\/staging.izanka-zadar.hr\/proizvod\/parangal-za-mole\/#breadcrumb\"},\"inLanguage\":\"en-GB\",\"potentialAction\":[{\"@type\":\"ReadAction\",\"target\":[\"https:\/\/staging.izanka-zadar.hr\/proizvod\/parangal-za-mole\/\"]}]},{\"@type\":\"ImageObject\",\"inLanguage\":\"en-GB\",\"@id\":\"https:\/\/staging.izanka-zadar.hr\/proizvod\/parangal-za-mole\/#primaryimage\",\"url\":\"https:\/\/staging.izanka-zadar.hr\/wp-content\/uploads\/2025\/08\/Parangal-za-Mole-50-udica-a.webp\",\"contentUrl\":\"https:\/\/staging.izanka-zadar.hr\/wp-content\/uploads\/2025\/08\/Parangal-za-Mole-50-udica-a.webp\",\"width\":800,\"height\":800,\"caption\":\"Parangal za Mole 50 udica, s plovcima, od konopa. Gotov parangal za profesionalce i po\u010detnike.\"},{\"@type\":\"BreadcrumbList\",\"@id\":\"https:\/\/staging.izanka-zadar.hr\/proizvod\/parangal-za-mole\/#breadcrumb\",\"itemListElement\":[{\"@type\":\"ListItem\",\"position\":1,\"name\":\"Po\u010detna stranica\",\"item\":\"https:\/\/staging.izanka-zadar.hr\/\"},{\"@type\":\"ListItem\",\"position\":2,\"name\":\"Shop\",\"item\":\"https:\/\/staging.izanka-zadar.hr\/shop\/\"},{\"@type\":\"ListItem\",\"position\":3,\"name\":\"Parangal za Mole\"}]},{\"@type\":\"WebSite\",\"@id\":\"https:\/\/staging.izanka-zadar.hr\/#website\",\"url\":\"https:\/\/staging.izanka-zadar.hr\/\",\"name\":\"I\u017eanka Zadar\",\"description\":\"Tradicija ribolova\",\"potentialAction\":[{\"@type\":\"SearchAction\",\"target\":{\"@type\":\"EntryPoint\",\"urlTemplate\":\"https:\/\/staging.izanka-zadar.hr\/?s={search_term_string}\"},\"query-input\":{\"@type\":\"PropertyValueSpecification\",\"valueRequired\":true,\"valueName\":\"search_term_string\"}}],\"inLanguage\":\"en-GB\"}]}<\/script>\n<!-- \/ Yoast SEO plugin. -->","yoast_head_json":{"title":"Parangal za Mole - I\u017eanka Zadar","description":"Parangal za Mole - gotov parangal za mole s konopom i plovcima, udice Mustad. Savr\u0161en alat za lov mola potra\u017eite u na\u0161oj web trgovini!","robots":{"index":"noindex","follow":"follow","max-snippet":"max-snippet:-1","max-image-preview":"max-image-preview:large","max-video-preview":"max-video-preview:-1"},"og_locale":"en_GB","og_type":"article","og_title":"Parangal za Mole - I\u017eanka Zadar","og_description":"Parangal za Mole - gotov parangal za mole s konopom i plovcima, udice Mustad. Savr\u0161en alat za lov mola potra\u017eite u na\u0161oj web trgovini!","og_url":"https:\/\/staging.izanka-zadar.hr\/en\/product\/parangal-za-mole\/","og_site_name":"I\u017eanka Zadar","article_modified_time":"2025-10-26T23:11:04+00:00","og_image":[{"width":800,"height":800,"url":"https:\/\/staging.izanka-zadar.hr\/wp-content\/uploads\/2025\/08\/Parangal-za-Mole-50-udica-a.webp","type":"image\/webp"}],"twitter_card":"summary_large_image","twitter_misc":{"Estimated reading time":"3 minutes"},"schema":{"@context":"https:\/\/schema.org","@graph":[{"@type":"WebPage","@id":"https:\/\/staging.izanka-zadar.hr\/proizvod\/parangal-za-mole\/","url":"https:\/\/staging.izanka-zadar.hr\/proizvod\/parangal-za-mole\/","name":"Parangal za Mole - I\u017eanka Zadar","isPartOf":{"@id":"https:\/\/staging.izanka-zadar.hr\/#website"},"primaryImageOfPage":{"@id":"https:\/\/staging.izanka-zadar.hr\/proizvod\/parangal-za-mole\/#primaryimage"},"image":{"@id":"https:\/\/staging.izanka-zadar.hr\/proizvod\/parangal-za-mole\/#primaryimage"},"thumbnailUrl":"https:\/\/staging.izanka-zadar.hr\/wp-content\/uploads\/2025\/08\/Parangal-za-Mole-50-udica-a.webp","datePublished":"2025-08-23T17:24:46+00:00","dateModified":"2025-10-26T23:11:04+00:00","description":"Parangal za Mole - gotov parangal za mole s konopom i plovcima, udice Mustad. Savr\u0161en alat za lov mola potra\u017eite u na\u0161oj web trgovini!","breadcrumb":{"@id":"https:\/\/staging.izanka-zadar.hr\/proizvod\/parangal-za-mole\/#breadcrumb"},"inLanguage":"en-GB","potentialAction":[{"@type":"ReadAction","target":["https:\/\/staging.izanka-zadar.hr\/proizvod\/parangal-za-mole\/"]}]},{"@type":"ImageObject","inLanguage":"en-GB","@id":"https:\/\/staging.izanka-zadar.hr\/proizvod\/parangal-za-mole\/#primaryimage","url":"https:\/\/staging.izanka-zadar.hr\/wp-content\/uploads\/2025\/08\/Parangal-za-Mole-50-udica-a.webp","contentUrl":"https:\/\/staging.izanka-zadar.hr\/wp-content\/uploads\/2025\/08\/Parangal-za-Mole-50-udica-a.webp","width":800,"height":800,"caption":"Parangal za Mole 50 udica, s plovcima, od konopa. Gotov parangal za profesionalce i po\u010detnike."},{"@type":"BreadcrumbList","@id":"https:\/\/staging.izanka-zadar.hr\/proizvod\/parangal-za-mole\/#breadcrumb","itemListElement":[{"@type":"ListItem","position":1,"name":"Po\u010detna stranica","item":"https:\/\/staging.izanka-zadar.hr\/"},{"@type":"ListItem","position":2,"name":"Shop","item":"https:\/\/staging.izanka-zadar.hr\/shop\/"},{"@type":"ListItem","position":3,"name":"Parangal za Mole"}]},{"@type":"WebSite","@id":"https:\/\/staging.izanka-zadar.hr\/#website","url":"https:\/\/staging.izanka-zadar.hr\/","name":"I\u017eanka Zadar","description":"Fishing Tradition","potentialAction":[{"@type":"SearchAction","target":{"@type":"EntryPoint","urlTemplate":"https:\/\/staging.izanka-zadar.hr\/?s={search_term_string}"},"query-input":{"@type":"PropertyValueSpecification","valueRequired":true,"valueName":"search_term_string"}}],"inLanguage":"en-GB"}]}},"_links":{"self":[{"href":"https:\/\/staging.izanka-zadar.hr\/en\/wp-json\/wp\/v2\/product\/7878","targetHints":{"allow":["GET"]}}],"collection":[{"href":"https:\/\/staging.izanka-zadar.hr\/en\/wp-json\/wp\/v2\/product"}],"about":[{"href":"https:\/\/staging.izanka-zadar.hr\/en\/wp-json\/wp\/v2\/types\/product"}],"replies":[{"embeddable":true,"href":"https:\/\/staging.izanka-zadar.hr\/en\/wp-json\/wp\/v2\/comments?post=7878"}],"version-history":[{"count":6,"href":"https:\/\/staging.izanka-zadar.hr\/en\/wp-json\/wp\/v2\/product\/7878\/revisions"}],"predecessor-version":[{"id":8689,"href":"https:\/\/staging.izanka-zadar.hr\/en\/wp-json\/wp\/v2\/product\/7878\/revisions\/8689"}],"wp:featuredmedia":[{"embeddable":true,"href":"https:\/\/staging.izanka-zadar.hr\/en\/wp-json\/wp\/v2\/media\/8394"}],"wp:attachment":[{"href":"https:\/\/staging.izanka-zadar.hr\/en\/wp-json\/wp\/v2\/media?parent=7878"}],"wp:term":[{"taxonomy":"product_brand","embeddable":true,"href":"https:\/\/staging.izanka-zadar.hr\/en\/wp-json\/wp\/v2\/product_brand?post=7878"},{"taxonomy":"product_cat","embeddable":true,"href":"https:\/\/staging.izanka-zadar.hr\/en\/wp-json\/wp\/v2\/product_cat?post=7878"},{"taxonomy":"product_tag","embeddable":true,"href":"https:\/\/staging.izanka-zadar.hr\/en\/wp-json\/wp\/v2\/product_tag?post=7878"}],"curies":[{"name":"wp","href":"https:\/\/api.w.org\/{rel}","templated":true}]}}