{"id":7851,"date":"2025-08-23T17:24:36","date_gmt":"2025-08-23T17:24:36","guid":{"rendered":"https:\/\/staging.izanka-zadar.hr\/?post_type=product&#038;p=7851"},"modified":"2025-09-05T14:16:24","modified_gmt":"2025-09-05T14:16:24","slug":"lignjarica-tataki","status":"publish","type":"product","link":"https:\/\/staging.izanka-zadar.hr\/en\/product\/lignjarica-tataki\/","title":{"rendered":"Preset Squid Fishing Rig with 3 Tataki Squid Jigs"},"content":{"rendered":"<p><strong>Preset Squid Fishing Rig with 3 Tataki Squid Jigs - the perfect tool for catching squid and cephalopods<\/strong><\/p>\n<p class=\"translation-block\">This is a specific fishing tool used for catching <strong>squid<\/strong> and other <strong>cephalopods<\/strong>. It is popular among anglers due to its exceptional efficiency in a variety of conditions. Its specialty lies in its <strong>soft, spongy lures<\/strong> that imitate live fish, which is extremely tempting for squid. This squid jig is ideal for fishermen looking for precision and direct contact with the fish.<\/p>\n<h4><strong>Key features:<\/strong><\/h4>\n<ul>\n<li class=\"translation-block\"><strong>Soft lures<\/strong>: Lures are made of a soft, spongy material that imitates the natural movement of fish, which attracts squid.<\/li>\n<li class=\"translation-block\"><strong>Sturdy hand line fishing reel <\/strong>: Specially designed for hunting from a boat, it allows <strong>direct contact with the prey<\/strong> and easy unwinding and winding of the nylon.<\/li>\n<li class=\"translation-block\"><strong>Three sizes and three colors<\/strong>: The squid jigs come in three sizes and three different colors, allowing them to adapt to different fishing conditions.<\/li>\n<li class=\"translation-block\"><strong>Special buckles<\/strong>: The buckles allow the lure to rotate in all directions and are easy to change, increasing convenience.<\/li>\n<\/ul>\n<h4><strong>Technical specifications:<\/strong><\/h4>\n<ul>\n<li class=\"translation-block\"><strong>Nylon<\/strong>: 50 m, 0.50 mm thick<\/li>\n<li class=\"translation-block\"><strong>Rig<\/strong>: 0,35 mm<\/li>\n<li><strong>Sinker<\/strong>: Included in the set<\/li>\n<li class=\"translation-block\"><strong>Lures<\/strong>: Three sizes and three colors<\/li>\n<\/ul>\n<h4><strong>How to use?<\/strong><\/h4>\n<ol start=\"1\">\n<li class=\"translation-block\"><strong>Cast and retrieve<\/strong>: Castit into the sea and lower it to the bottom. Then retrieve it towards the surface using <strong>vertical jigging<\/strong> (changing the retrieve speed occasionally).<\/li>\n<li class=\"translation-block\"><strong>Attracting squid<\/strong>: The natural look and movement of the lure attracts squid, which latch onto the lure.<\/li>\n<li class=\"translation-block\"><strong>Optimal fishing time<\/strong>: The Tataki squid jigs are particularly effective in the <strong>fall and winter<\/strong>, when squid migrate towards the coast. You will achieve the best results in the <strong>evening hours or at night<\/strong>.<\/li>\n<\/ol>\n<h4><strong>Why choose Tataki squid jigs?<\/strong><\/h4>\n<ul>\n<li class=\"translation-block\"><strong>High efficiency<\/strong>: Works perfectly in different conditions and depths.<\/li>\n<li class=\"translation-block\"><strong>Easy to use<\/strong>: <a href=\"https:\/\/izanka-zadar.hr\/testing5\/proizvod\/motavilo-tunja-iz-s-ruckom\/\" target=\"_blank\" rel=\"noopener\">Hand line reel<\/a> with a handle makes it easier to unwind and wind nylon.<\/li>\n<li class=\"translation-block\"><strong>Versatility<\/strong>: Three sizes and three colors of lures allow adaptation to different fishing conditions.<\/li>\n<li class=\"translation-block\"><strong>Quality Components<\/strong>: Made from high-quality materials, this squid fishing rig is long-lasting and reliable.<\/li>\n<\/ul>\n<h4><strong>Recipes and additional information<\/strong><\/h4>\n<p class=\"translation-block\">Would you like to learn how to prepare squid in the most delicious way? Visit the page with <a href=\"https:\/\/web.coolinarika.com\/inspiracija\/lignje-ce439476-610d-11eb-90c1-0242ac120012\" target=\"_blank\" rel=\"noopener\">recipes<\/a> and tips for preparing this seafood delicacy.<\/p>","protected":false},"excerpt":{"rendered":"<p>Preset Squid Fishing Rig with 3 Tataki Squid Jigs<\/p>","protected":false},"featured_media":8251,"comment_status":"open","ping_status":"closed","template":"","meta":{"_acf_changed":false},"product_brand":[],"product_cat":[510,509],"product_tag":[466,467,468,469],"class_list":{"0":"post-7851","1":"product","2":"type-product","3":"status-publish","4":"has-post-thumbnail","6":"product_cat-lignjarica-tataki","7":"product_cat-lignjarice","8":"product_tag-lignjarica-tataki","9":"product_tag-lov-lignji-i-glavonozaca","10":"product_tag-mekane-varalice-za-lignje","11":"product_tag-vertikalno-jigganje","13":"first","14":"instock","15":"taxable","16":"shipping-taxable","17":"purchasable","18":"product-type-variable"},"acf":[],"yoast_head":"<!-- This site is optimized with the Yoast SEO plugin v26.4 - https:\/\/yoast.com\/wordpress\/plugins\/seo\/ -->\n<title>Lignjarica Tataki - I\u017eanka Zadar<\/title>\n<meta name=\"description\" content=\"Lignjarica Tataki - savr\u0161en alat za lov lignji i glavono\u017eaca. Uklju\u010duje mekane varalice, \u010dvrsto motavilo i olovo. Vertical jigging metoda lova.\" \/>\n<meta name=\"robots\" content=\"noindex, follow, max-snippet:-1, max-image-preview:large, max-video-preview:-1\" \/>\n<meta property=\"og:locale\" content=\"en_GB\" \/>\n<meta property=\"og:type\" content=\"article\" \/>\n<meta property=\"og:title\" content=\"Lignjarica Tataki - I\u017eanka Zadar\" \/>\n<meta property=\"og:description\" content=\"Lignjarica Tataki - savr\u0161en alat za lov lignji i glavono\u017eaca. Uklju\u010duje mekane varalice, \u010dvrsto motavilo i olovo. Vertical jigging metoda lova.\" \/>\n<meta property=\"og:url\" content=\"https:\/\/staging.izanka-zadar.hr\/en\/product\/lignjarica-tataki\/\" \/>\n<meta property=\"og:site_name\" content=\"I\u017eanka Zadar\" \/>\n<meta property=\"article:modified_time\" content=\"2025-09-05T14:16:24+00:00\" \/>\n<meta property=\"og:image\" content=\"https:\/\/staging.izanka-zadar.hr\/wp-content\/uploads\/2025\/08\/Lignjarica-Tataki-cpz-a.webp\" \/>\n\t<meta property=\"og:image:width\" content=\"800\" \/>\n\t<meta property=\"og:image:height\" content=\"800\" \/>\n\t<meta property=\"og:image:type\" content=\"image\/webp\" \/>\n<meta name=\"twitter:card\" content=\"summary_large_image\" \/>\n<meta name=\"twitter:label1\" content=\"Estimated reading time\" \/>\n\t<meta name=\"twitter:data1\" content=\"2 minutes\" \/>\n<script type=\"application\/ld+json\" class=\"yoast-schema-graph\">{\"@context\":\"https:\/\/schema.org\",\"@graph\":[{\"@type\":\"WebPage\",\"@id\":\"https:\/\/staging.izanka-zadar.hr\/proizvod\/lignjarica-tataki\/\",\"url\":\"https:\/\/staging.izanka-zadar.hr\/proizvod\/lignjarica-tataki\/\",\"name\":\"Lignjarica Tataki - I\u017eanka Zadar\",\"isPartOf\":{\"@id\":\"https:\/\/staging.izanka-zadar.hr\/#website\"},\"primaryImageOfPage\":{\"@id\":\"https:\/\/staging.izanka-zadar.hr\/proizvod\/lignjarica-tataki\/#primaryimage\"},\"image\":{\"@id\":\"https:\/\/staging.izanka-zadar.hr\/proizvod\/lignjarica-tataki\/#primaryimage\"},\"thumbnailUrl\":\"https:\/\/staging.izanka-zadar.hr\/wp-content\/uploads\/2025\/08\/Lignjarica-Tataki-cpz-a.webp\",\"datePublished\":\"2025-08-23T17:24:36+00:00\",\"dateModified\":\"2025-09-05T14:16:24+00:00\",\"description\":\"Lignjarica Tataki - savr\u0161en alat za lov lignji i glavono\u017eaca. Uklju\u010duje mekane varalice, \u010dvrsto motavilo i olovo. Vertical jigging metoda lova.\",\"breadcrumb\":{\"@id\":\"https:\/\/staging.izanka-zadar.hr\/proizvod\/lignjarica-tataki\/#breadcrumb\"},\"inLanguage\":\"en-GB\",\"potentialAction\":[{\"@type\":\"ReadAction\",\"target\":[\"https:\/\/staging.izanka-zadar.hr\/proizvod\/lignjarica-tataki\/\"]}]},{\"@type\":\"ImageObject\",\"inLanguage\":\"en-GB\",\"@id\":\"https:\/\/staging.izanka-zadar.hr\/proizvod\/lignjarica-tataki\/#primaryimage\",\"url\":\"https:\/\/staging.izanka-zadar.hr\/wp-content\/uploads\/2025\/08\/Lignjarica-Tataki-cpz-a.webp\",\"contentUrl\":\"https:\/\/staging.izanka-zadar.hr\/wp-content\/uploads\/2025\/08\/Lignjarica-Tataki-cpz-a.webp\",\"width\":800,\"height\":800,\"caption\":\"Lignjarica Tataki s motavilom I\u017e \u2013 set od tri mekane skosavice razli\u010ditih boja i veli\u010dina, fluorocarbonski predvez i olovo od 45g, idealno za lov lignji.\"},{\"@type\":\"BreadcrumbList\",\"@id\":\"https:\/\/staging.izanka-zadar.hr\/proizvod\/lignjarica-tataki\/#breadcrumb\",\"itemListElement\":[{\"@type\":\"ListItem\",\"position\":1,\"name\":\"Po\u010detna stranica\",\"item\":\"https:\/\/staging.izanka-zadar.hr\/\"},{\"@type\":\"ListItem\",\"position\":2,\"name\":\"Shop\",\"item\":\"https:\/\/staging.izanka-zadar.hr\/shop\/\"},{\"@type\":\"ListItem\",\"position\":3,\"name\":\"Lignjarica Tataki\"}]},{\"@type\":\"WebSite\",\"@id\":\"https:\/\/staging.izanka-zadar.hr\/#website\",\"url\":\"https:\/\/staging.izanka-zadar.hr\/\",\"name\":\"I\u017eanka Zadar\",\"description\":\"Tradicija ribolova\",\"potentialAction\":[{\"@type\":\"SearchAction\",\"target\":{\"@type\":\"EntryPoint\",\"urlTemplate\":\"https:\/\/staging.izanka-zadar.hr\/?s={search_term_string}\"},\"query-input\":{\"@type\":\"PropertyValueSpecification\",\"valueRequired\":true,\"valueName\":\"search_term_string\"}}],\"inLanguage\":\"en-GB\"}]}<\/script>\n<!-- \/ Yoast SEO plugin. -->","yoast_head_json":{"title":"Lignjarica Tataki - I\u017eanka Zadar","description":"Lignjarica Tataki - savr\u0161en alat za lov lignji i glavono\u017eaca. Uklju\u010duje mekane varalice, \u010dvrsto motavilo i olovo. Vertical jigging metoda lova.","robots":{"index":"noindex","follow":"follow","max-snippet":"max-snippet:-1","max-image-preview":"max-image-preview:large","max-video-preview":"max-video-preview:-1"},"og_locale":"en_GB","og_type":"article","og_title":"Lignjarica Tataki - I\u017eanka Zadar","og_description":"Lignjarica Tataki - savr\u0161en alat za lov lignji i glavono\u017eaca. Uklju\u010duje mekane varalice, \u010dvrsto motavilo i olovo. Vertical jigging metoda lova.","og_url":"https:\/\/staging.izanka-zadar.hr\/en\/product\/lignjarica-tataki\/","og_site_name":"I\u017eanka Zadar","article_modified_time":"2025-09-05T14:16:24+00:00","og_image":[{"width":800,"height":800,"url":"https:\/\/staging.izanka-zadar.hr\/wp-content\/uploads\/2025\/08\/Lignjarica-Tataki-cpz-a.webp","type":"image\/webp"}],"twitter_card":"summary_large_image","twitter_misc":{"Estimated reading time":"2 minutes"},"schema":{"@context":"https:\/\/schema.org","@graph":[{"@type":"WebPage","@id":"https:\/\/staging.izanka-zadar.hr\/proizvod\/lignjarica-tataki\/","url":"https:\/\/staging.izanka-zadar.hr\/proizvod\/lignjarica-tataki\/","name":"Lignjarica Tataki - I\u017eanka Zadar","isPartOf":{"@id":"https:\/\/staging.izanka-zadar.hr\/#website"},"primaryImageOfPage":{"@id":"https:\/\/staging.izanka-zadar.hr\/proizvod\/lignjarica-tataki\/#primaryimage"},"image":{"@id":"https:\/\/staging.izanka-zadar.hr\/proizvod\/lignjarica-tataki\/#primaryimage"},"thumbnailUrl":"https:\/\/staging.izanka-zadar.hr\/wp-content\/uploads\/2025\/08\/Lignjarica-Tataki-cpz-a.webp","datePublished":"2025-08-23T17:24:36+00:00","dateModified":"2025-09-05T14:16:24+00:00","description":"Lignjarica Tataki - savr\u0161en alat za lov lignji i glavono\u017eaca. Uklju\u010duje mekane varalice, \u010dvrsto motavilo i olovo. Vertical jigging metoda lova.","breadcrumb":{"@id":"https:\/\/staging.izanka-zadar.hr\/proizvod\/lignjarica-tataki\/#breadcrumb"},"inLanguage":"en-GB","potentialAction":[{"@type":"ReadAction","target":["https:\/\/staging.izanka-zadar.hr\/proizvod\/lignjarica-tataki\/"]}]},{"@type":"ImageObject","inLanguage":"en-GB","@id":"https:\/\/staging.izanka-zadar.hr\/proizvod\/lignjarica-tataki\/#primaryimage","url":"https:\/\/staging.izanka-zadar.hr\/wp-content\/uploads\/2025\/08\/Lignjarica-Tataki-cpz-a.webp","contentUrl":"https:\/\/staging.izanka-zadar.hr\/wp-content\/uploads\/2025\/08\/Lignjarica-Tataki-cpz-a.webp","width":800,"height":800,"caption":"Lignjarica Tataki s motavilom I\u017e \u2013 set od tri mekane skosavice razli\u010ditih boja i veli\u010dina, fluorocarbonski predvez i olovo od 45g, idealno za lov lignji."},{"@type":"BreadcrumbList","@id":"https:\/\/staging.izanka-zadar.hr\/proizvod\/lignjarica-tataki\/#breadcrumb","itemListElement":[{"@type":"ListItem","position":1,"name":"Po\u010detna stranica","item":"https:\/\/staging.izanka-zadar.hr\/"},{"@type":"ListItem","position":2,"name":"Shop","item":"https:\/\/staging.izanka-zadar.hr\/shop\/"},{"@type":"ListItem","position":3,"name":"Lignjarica Tataki"}]},{"@type":"WebSite","@id":"https:\/\/staging.izanka-zadar.hr\/#website","url":"https:\/\/staging.izanka-zadar.hr\/","name":"I\u017eanka Zadar","description":"Fishing Tradition","potentialAction":[{"@type":"SearchAction","target":{"@type":"EntryPoint","urlTemplate":"https:\/\/staging.izanka-zadar.hr\/?s={search_term_string}"},"query-input":{"@type":"PropertyValueSpecification","valueRequired":true,"valueName":"search_term_string"}}],"inLanguage":"en-GB"}]}},"_links":{"self":[{"href":"https:\/\/staging.izanka-zadar.hr\/en\/wp-json\/wp\/v2\/product\/7851","targetHints":{"allow":["GET"]}}],"collection":[{"href":"https:\/\/staging.izanka-zadar.hr\/en\/wp-json\/wp\/v2\/product"}],"about":[{"href":"https:\/\/staging.izanka-zadar.hr\/en\/wp-json\/wp\/v2\/types\/product"}],"replies":[{"embeddable":true,"href":"https:\/\/staging.izanka-zadar.hr\/en\/wp-json\/wp\/v2\/comments?post=7851"}],"version-history":[{"count":0,"href":"https:\/\/staging.izanka-zadar.hr\/en\/wp-json\/wp\/v2\/product\/7851\/revisions"}],"wp:featuredmedia":[{"embeddable":true,"href":"https:\/\/staging.izanka-zadar.hr\/en\/wp-json\/wp\/v2\/media\/8251"}],"wp:attachment":[{"href":"https:\/\/staging.izanka-zadar.hr\/en\/wp-json\/wp\/v2\/media?parent=7851"}],"wp:term":[{"taxonomy":"product_brand","embeddable":true,"href":"https:\/\/staging.izanka-zadar.hr\/en\/wp-json\/wp\/v2\/product_brand?post=7851"},{"taxonomy":"product_cat","embeddable":true,"href":"https:\/\/staging.izanka-zadar.hr\/en\/wp-json\/wp\/v2\/product_cat?post=7851"},{"taxonomy":"product_tag","embeddable":true,"href":"https:\/\/staging.izanka-zadar.hr\/en\/wp-json\/wp\/v2\/product_tag?post=7851"}],"curies":[{"name":"wp","href":"https:\/\/api.w.org\/{rel}","templated":true}]}}