{"id":7742,"date":"2025-08-23T17:24:06","date_gmt":"2025-08-23T17:24:06","guid":{"rendered":"https:\/\/staging.izanka-zadar.hr\/?post_type=product&#038;p=7742"},"modified":"2025-09-06T12:39:31","modified_gmt":"2025-09-06T12:39:31","slug":"panula-za-lignju","status":"publish","type":"product","link":"https:\/\/staging.izanka-zadar.hr\/en\/product\/panula-za-lignju\/","title":{"rendered":"Squid trolling rig"},"content":{"rendered":"<h3><strong>Squid Trolling Rig - the perfect equipment for dynamic fishing from a boat<\/strong><\/h3>\n<p class=\"translation-block\">The squid panula is intended for <strong>complex and dynamic fishing from a moving vessel<\/strong>. The movement of the vessel allows it to go around a wide area and return to the target spots, while the simulation of the movement of the lure attracts the squid. This set is perfect for fishermen looking for a challenge and looking to maximize their catches.<\/p>\n<h4><strong>Key features:<\/strong><\/h4>\n<ul>\n<li class=\"translation-block\"><strong>Optimal boat speed<\/strong>: 1.5 to 2 knots.<\/li>\n<li class=\"translation-block\"><strong>Hunting depth<\/strong>: 7\u201310 meters.<\/li>\n<li class=\"translation-block\"><strong>Best time to hunt<\/strong>: In the morning, before dark, during changes in the direction of the sea current and during moonlight.<\/li>\n<li class=\"translation-block\"><strong>Hunting areas<\/strong>: Along the coast, around capes and islands.<\/li>\n<\/ul>\n<h4><strong>Composition of the rig:<\/strong><\/h4>\n<ul>\n<li class=\"translation-block\"><strong>Sturdy reel<\/strong>: Specially designed for fishing from a moving vessel. It enables direct contact with the catch and easy unwinding and winding of the nylon.<\/li>\n<li class=\"translation-block\"><strong>Rapala SQ09 Lure<\/strong>: A high-quality lure that imitates the natural movement of fish, which is extremely attractive to squid.<\/li>\n<li><strong>Nylon and leader<\/strong>:\n<ul>\n<li><strong>Base<\/strong>: 0,60 mm \u2013 50 m.<\/li>\n<li><strong>Leader<\/strong>: 0,45 mm fluorocarbon \u2013 10 m.<\/li>\n<\/ul>\n<\/li>\n<li class=\"translation-block\"><strong>Weight of the reel: 105 g.<\/li>\n<li class=\"translation-block\"><strong>Length of the reel<\/strong>: 60 m.<\/li>\n<\/ul>\n<h4><strong>How to use Squid Trolling Rig?<\/strong><\/h4>\n<ol start=\"1\">\n<li class=\"translation-block\"><strong>Lowering the lure<\/strong>: Lower the lure into the sea and unwind the line while the boat is moving slowly.<\/li>\n<li class=\"translation-block\"><strong>Adjusting the base length<\/strong>: Adjust the length of the released base to the bottom configuration.<\/li>\n<li class=\"translation-block\"><strong>Motion Simulation<\/strong>: Use natural movements to attract squid. Reel along the coast, around capes and islands.<\/li>\n<li class=\"translation-block\"><strong>Optimal time<\/strong>: Hunt in the morning, before dark, or during moonlight for best results.<\/li>\n<\/ol>\n<h4><strong>Why choose Squid Trolling Rig?<\/strong><\/h4>\n<ul>\n<li class=\"translation-block\"><strong>Direct contact with prey <\/strong> Hunting is from the hand, which allows for better control and feel when fishing.<\/li>\n<li class=\"translation-block\"><strong>High efficiency<\/strong>: The <a href=\"https:\/\/www.rapala.com\/us_en\/rapala\" target=\"_blank\" rel=\"noopener\">Rapala<\/a> SQ09 lure and the sturdy <a href=\"https:\/\/izanka-zadar.hr\/testing5\/proizvod\/motavilo-tunja-iz-s-ruckom\/\" target=\"_blank\" rel=\"noopener\">I\u017e reel<\/a> ensure successful fishing.<\/li>\n<li class=\"translation-block\"><strong>Versatility<\/strong>: It is suitable for a variety of fishing conditions, including fishing along the coast and around islands.<\/li>\n<li class=\"translation-block\"><strong>Quality components<\/strong>: Made of high-quality materials, thetrolling rig is long-lasting and reliable.<\/li>\n<\/ul>\n<h4><strong>Tips for successful fishing:<\/strong><\/h4>\n<ul>\n<li class=\"translation-block\"><strong>Monitor the weather conditions<\/strong>: You will achieve the best results during changes in the direction of the sea current.<\/li>\n<li class=\"translation-block\"><strong>Use natural movements<\/strong>: Simulate the movements of live fish to attract squid.<\/li>\n<li class=\"translation-block\"><strong>Choose the right spot<\/strong>: Squids live in areas with rocky bottoms and seagrass.<\/li>\n<\/ul>\n<h4><strong>More information about squid fishing<\/strong><\/h4>\n<p class=\"translation-block\">If you want to learn more about trolling rig fishing techniques, visit our <a href=\"https:\/\/izanka-zadar.hr\/testing5\/wp-admin\/post.php?post=5744&amp;action=edit\" target=\"_blank\" rel=\"noopener\">blog<\/a>.<\/p>","protected":false},"excerpt":{"rendered":"<p>Panula za lignju s Rapala Varalicama za lignje<\/p>","protected":false},"featured_media":8308,"comment_status":"open","ping_status":"closed","template":"","meta":{"_acf_changed":false},"product_brand":[],"product_cat":[120,123],"product_tag":[444,445],"class_list":{"0":"post-7742","1":"product","2":"type-product","3":"status-publish","4":"has-post-thumbnail","6":"product_cat-panule","7":"product_cat-panula-za-lignju","8":"product_tag-panula-za-lignju","9":"product_tag-rapala","11":"first","12":"instock","13":"taxable","14":"shipping-taxable","15":"purchasable","16":"product-type-variable"},"acf":[],"yoast_head":"<!-- This site is optimized with the Yoast SEO plugin v26.4 - https:\/\/yoast.com\/wordpress\/plugins\/seo\/ -->\n<title>Panula za lignju - I\u017eanka Zadar | izanka-zadar.hr<\/title>\n<meta name=\"description\" content=\"Panula za lignju - gotovi set za lignje, varalica su Rapala SQ09 BRH, GGT, BSRD, OCG. Internet trgovina ribolovne opreme.\" \/>\n<meta name=\"robots\" content=\"noindex, follow, max-snippet:-1, max-image-preview:large, max-video-preview:-1\" \/>\n<meta property=\"og:locale\" content=\"en_GB\" \/>\n<meta property=\"og:type\" content=\"article\" \/>\n<meta property=\"og:title\" content=\"Panula za lignju - I\u017eanka Zadar | izanka-zadar.hr\" \/>\n<meta property=\"og:description\" content=\"Panula za lignju - gotovi set za lignje, varalica su Rapala SQ09 BRH, GGT, BSRD, OCG. Internet trgovina ribolovne opreme.\" \/>\n<meta property=\"og:url\" content=\"https:\/\/staging.izanka-zadar.hr\/en\/product\/panula-za-lignju\/\" \/>\n<meta property=\"og:site_name\" content=\"I\u017eanka Zadar\" \/>\n<meta property=\"article:modified_time\" content=\"2025-09-06T12:39:31+00:00\" \/>\n<meta property=\"og:image\" content=\"https:\/\/staging.izanka-zadar.hr\/wp-content\/uploads\/2025\/08\/Panula-za-lignje-s-Rapalom-SQO9-a.webp\" \/>\n\t<meta property=\"og:image:width\" content=\"800\" \/>\n\t<meta property=\"og:image:height\" content=\"800\" \/>\n\t<meta property=\"og:image:type\" content=\"image\/webp\" \/>\n<meta name=\"twitter:card\" content=\"summary_large_image\" \/>\n<meta name=\"twitter:label1\" content=\"Estimated reading time\" \/>\n\t<meta name=\"twitter:data1\" content=\"2 minutes\" \/>\n<script type=\"application\/ld+json\" class=\"yoast-schema-graph\">{\"@context\":\"https:\/\/schema.org\",\"@graph\":[{\"@type\":\"WebPage\",\"@id\":\"https:\/\/staging.izanka-zadar.hr\/proizvod\/panula-za-lignju\/\",\"url\":\"https:\/\/staging.izanka-zadar.hr\/proizvod\/panula-za-lignju\/\",\"name\":\"Panula za lignju - I\u017eanka Zadar | izanka-zadar.hr\",\"isPartOf\":{\"@id\":\"https:\/\/staging.izanka-zadar.hr\/#website\"},\"primaryImageOfPage\":{\"@id\":\"https:\/\/staging.izanka-zadar.hr\/proizvod\/panula-za-lignju\/#primaryimage\"},\"image\":{\"@id\":\"https:\/\/staging.izanka-zadar.hr\/proizvod\/panula-za-lignju\/#primaryimage\"},\"thumbnailUrl\":\"https:\/\/staging.izanka-zadar.hr\/wp-content\/uploads\/2025\/08\/Panula-za-lignje-s-Rapalom-SQO9-a.webp\",\"datePublished\":\"2025-08-23T17:24:06+00:00\",\"dateModified\":\"2025-09-06T12:39:31+00:00\",\"description\":\"Panula za lignju - gotovi set za lignje, varalica su Rapala SQ09 BRH, GGT, BSRD, OCG. Internet trgovina ribolovne opreme.\",\"breadcrumb\":{\"@id\":\"https:\/\/staging.izanka-zadar.hr\/proizvod\/panula-za-lignju\/#breadcrumb\"},\"inLanguage\":\"en-GB\",\"potentialAction\":[{\"@type\":\"ReadAction\",\"target\":[\"https:\/\/staging.izanka-zadar.hr\/proizvod\/panula-za-lignju\/\"]}]},{\"@type\":\"ImageObject\",\"inLanguage\":\"en-GB\",\"@id\":\"https:\/\/staging.izanka-zadar.hr\/proizvod\/panula-za-lignju\/#primaryimage\",\"url\":\"https:\/\/staging.izanka-zadar.hr\/wp-content\/uploads\/2025\/08\/Panula-za-lignje-s-Rapalom-SQO9-a.webp\",\"contentUrl\":\"https:\/\/staging.izanka-zadar.hr\/wp-content\/uploads\/2025\/08\/Panula-za-lignje-s-Rapalom-SQO9-a.webp\",\"width\":800,\"height\":800,\"caption\":\"Napredna panula za lignje \u2013 savr\u0161eno rje\u0161enje za sve ljubitelje morskog ribolova! Ova panula kombinira prakti\u010dnost i visoku u\u010dinkovitost, omogu\u0107uju\u0107i vam jednostavan i uspje\u0161an lov lignji direktno s pokretnog plovila. Panula se sastoji od ergonomskog motavila s rupom za udobno dr\u017eanje, \u010dime se osigurava preciznost i kontrola pri bacanju. Najlon i olovo su pa\u017eljivo odabrani kako bi osigurali optimalnu dubinu lova, \u010dime se pove\u0107avaju \u0161anse za ulov. Uz ovu panulu dobivate i varalicu Rapala SQ09, poznate po svojoj iznimnoj sposobnosti privla\u010denja lignji.\"},{\"@type\":\"BreadcrumbList\",\"@id\":\"https:\/\/staging.izanka-zadar.hr\/proizvod\/panula-za-lignju\/#breadcrumb\",\"itemListElement\":[{\"@type\":\"ListItem\",\"position\":1,\"name\":\"Po\u010detna stranica\",\"item\":\"https:\/\/staging.izanka-zadar.hr\/\"},{\"@type\":\"ListItem\",\"position\":2,\"name\":\"Shop\",\"item\":\"https:\/\/staging.izanka-zadar.hr\/shop\/\"},{\"@type\":\"ListItem\",\"position\":3,\"name\":\"Panula za lignju\"}]},{\"@type\":\"WebSite\",\"@id\":\"https:\/\/staging.izanka-zadar.hr\/#website\",\"url\":\"https:\/\/staging.izanka-zadar.hr\/\",\"name\":\"I\u017eanka Zadar\",\"description\":\"Tradicija ribolova\",\"potentialAction\":[{\"@type\":\"SearchAction\",\"target\":{\"@type\":\"EntryPoint\",\"urlTemplate\":\"https:\/\/staging.izanka-zadar.hr\/?s={search_term_string}\"},\"query-input\":{\"@type\":\"PropertyValueSpecification\",\"valueRequired\":true,\"valueName\":\"search_term_string\"}}],\"inLanguage\":\"en-GB\"}]}<\/script>\n<!-- \/ Yoast SEO plugin. -->","yoast_head_json":{"title":"Panula za lignju - I\u017eanka Zadar | izanka-zadar.hr","description":"Panula za lignju - gotovi set za lignje, varalica su Rapala SQ09 BRH, GGT, BSRD, OCG. Internet trgovina ribolovne opreme.","robots":{"index":"noindex","follow":"follow","max-snippet":"max-snippet:-1","max-image-preview":"max-image-preview:large","max-video-preview":"max-video-preview:-1"},"og_locale":"en_GB","og_type":"article","og_title":"Panula za lignju - I\u017eanka Zadar | izanka-zadar.hr","og_description":"Panula za lignju - gotovi set za lignje, varalica su Rapala SQ09 BRH, GGT, BSRD, OCG. Internet trgovina ribolovne opreme.","og_url":"https:\/\/staging.izanka-zadar.hr\/en\/product\/panula-za-lignju\/","og_site_name":"I\u017eanka Zadar","article_modified_time":"2025-09-06T12:39:31+00:00","og_image":[{"width":800,"height":800,"url":"https:\/\/staging.izanka-zadar.hr\/wp-content\/uploads\/2025\/08\/Panula-za-lignje-s-Rapalom-SQO9-a.webp","type":"image\/webp"}],"twitter_card":"summary_large_image","twitter_misc":{"Estimated reading time":"2 minutes"},"schema":{"@context":"https:\/\/schema.org","@graph":[{"@type":"WebPage","@id":"https:\/\/staging.izanka-zadar.hr\/proizvod\/panula-za-lignju\/","url":"https:\/\/staging.izanka-zadar.hr\/proizvod\/panula-za-lignju\/","name":"Panula za lignju - I\u017eanka Zadar | izanka-zadar.hr","isPartOf":{"@id":"https:\/\/staging.izanka-zadar.hr\/#website"},"primaryImageOfPage":{"@id":"https:\/\/staging.izanka-zadar.hr\/proizvod\/panula-za-lignju\/#primaryimage"},"image":{"@id":"https:\/\/staging.izanka-zadar.hr\/proizvod\/panula-za-lignju\/#primaryimage"},"thumbnailUrl":"https:\/\/staging.izanka-zadar.hr\/wp-content\/uploads\/2025\/08\/Panula-za-lignje-s-Rapalom-SQO9-a.webp","datePublished":"2025-08-23T17:24:06+00:00","dateModified":"2025-09-06T12:39:31+00:00","description":"Panula za lignju - gotovi set za lignje, varalica su Rapala SQ09 BRH, GGT, BSRD, OCG. Internet trgovina ribolovne opreme.","breadcrumb":{"@id":"https:\/\/staging.izanka-zadar.hr\/proizvod\/panula-za-lignju\/#breadcrumb"},"inLanguage":"en-GB","potentialAction":[{"@type":"ReadAction","target":["https:\/\/staging.izanka-zadar.hr\/proizvod\/panula-za-lignju\/"]}]},{"@type":"ImageObject","inLanguage":"en-GB","@id":"https:\/\/staging.izanka-zadar.hr\/proizvod\/panula-za-lignju\/#primaryimage","url":"https:\/\/staging.izanka-zadar.hr\/wp-content\/uploads\/2025\/08\/Panula-za-lignje-s-Rapalom-SQO9-a.webp","contentUrl":"https:\/\/staging.izanka-zadar.hr\/wp-content\/uploads\/2025\/08\/Panula-za-lignje-s-Rapalom-SQO9-a.webp","width":800,"height":800,"caption":"Napredna panula za lignje \u2013 savr\u0161eno rje\u0161enje za sve ljubitelje morskog ribolova! Ova panula kombinira prakti\u010dnost i visoku u\u010dinkovitost, omogu\u0107uju\u0107i vam jednostavan i uspje\u0161an lov lignji direktno s pokretnog plovila. Panula se sastoji od ergonomskog motavila s rupom za udobno dr\u017eanje, \u010dime se osigurava preciznost i kontrola pri bacanju. Najlon i olovo su pa\u017eljivo odabrani kako bi osigurali optimalnu dubinu lova, \u010dime se pove\u0107avaju \u0161anse za ulov. Uz ovu panulu dobivate i varalicu Rapala SQ09, poznate po svojoj iznimnoj sposobnosti privla\u010denja lignji."},{"@type":"BreadcrumbList","@id":"https:\/\/staging.izanka-zadar.hr\/proizvod\/panula-za-lignju\/#breadcrumb","itemListElement":[{"@type":"ListItem","position":1,"name":"Po\u010detna stranica","item":"https:\/\/staging.izanka-zadar.hr\/"},{"@type":"ListItem","position":2,"name":"Shop","item":"https:\/\/staging.izanka-zadar.hr\/shop\/"},{"@type":"ListItem","position":3,"name":"Panula za lignju"}]},{"@type":"WebSite","@id":"https:\/\/staging.izanka-zadar.hr\/#website","url":"https:\/\/staging.izanka-zadar.hr\/","name":"I\u017eanka Zadar","description":"Fishing Tradition","potentialAction":[{"@type":"SearchAction","target":{"@type":"EntryPoint","urlTemplate":"https:\/\/staging.izanka-zadar.hr\/?s={search_term_string}"},"query-input":{"@type":"PropertyValueSpecification","valueRequired":true,"valueName":"search_term_string"}}],"inLanguage":"en-GB"}]}},"_links":{"self":[{"href":"https:\/\/staging.izanka-zadar.hr\/en\/wp-json\/wp\/v2\/product\/7742","targetHints":{"allow":["GET"]}}],"collection":[{"href":"https:\/\/staging.izanka-zadar.hr\/en\/wp-json\/wp\/v2\/product"}],"about":[{"href":"https:\/\/staging.izanka-zadar.hr\/en\/wp-json\/wp\/v2\/types\/product"}],"replies":[{"embeddable":true,"href":"https:\/\/staging.izanka-zadar.hr\/en\/wp-json\/wp\/v2\/comments?post=7742"}],"version-history":[{"count":0,"href":"https:\/\/staging.izanka-zadar.hr\/en\/wp-json\/wp\/v2\/product\/7742\/revisions"}],"wp:featuredmedia":[{"embeddable":true,"href":"https:\/\/staging.izanka-zadar.hr\/en\/wp-json\/wp\/v2\/media\/8308"}],"wp:attachment":[{"href":"https:\/\/staging.izanka-zadar.hr\/en\/wp-json\/wp\/v2\/media?parent=7742"}],"wp:term":[{"taxonomy":"product_brand","embeddable":true,"href":"https:\/\/staging.izanka-zadar.hr\/en\/wp-json\/wp\/v2\/product_brand?post=7742"},{"taxonomy":"product_cat","embeddable":true,"href":"https:\/\/staging.izanka-zadar.hr\/en\/wp-json\/wp\/v2\/product_cat?post=7742"},{"taxonomy":"product_tag","embeddable":true,"href":"https:\/\/staging.izanka-zadar.hr\/en\/wp-json\/wp\/v2\/product_tag?post=7742"}],"curies":[{"name":"wp","href":"https:\/\/api.w.org\/{rel}","templated":true}]}}