{"id":7497,"date":"2025-08-23T17:22:40","date_gmt":"2025-08-23T17:22:40","guid":{"rendered":"https:\/\/staging.izanka-zadar.hr\/?post_type=product&#038;p=7497"},"modified":"2025-09-05T18:39:48","modified_gmt":"2025-09-05T18:39:48","slug":"motavilo-tunja-iz-s-ruckom","status":"publish","type":"product","link":"https:\/\/staging.izanka-zadar.hr\/en\/product\/motavilo-tunja-iz-s-ruckom\/","title":{"rendered":"I\u017e Hand Line Caster With Handle"},"content":{"rendered":"<h3><strong>I\u017e Hand Line Caster with Handle - the perfect tool for long casting and efficient fishing<\/strong><\/h3>\n<p class=\"translation-block\">This is a fishing tool intended for the <strong>making of fishing tools<\/strong>, such as <strong>handline fishing rigs, squid trolling rig and seabass trolling rig <\/strong>. It is designed to enable <strong>far casting<\/strong>, quick and easy unwinding of nylon (monofil) when hunting. Thanks to its ergonomic handle and lightweight construction, this reel is ideal for fishermen looking for precision and comfort. We use it to make various products such as <a href=\"https:\/\/izanka-zadar.hr\/testing5\/proizvod\/lignjarica-tataki\/\" target=\"_blank\" rel=\"noopener\">tataki squid jigs<\/a>, <a href=\"https:\/\/izanka-zadar.hr\/testing5\/proizvod\/lignjarica-skosavica-peskafondo\/\" target=\"_blank\" rel=\"noopener\">bottom squid jig and squid jig<\/a>, <a href=\"https:\/\/izanka-zadar.hr\/testing5\/proizvod\/lignjarica-skosavica-olovo\/\" target=\"_blank\" rel=\"noopener\">preset squid fishing rig with 2 squid jigs and lead sinkers.<\/a><\/p>\n<h4><strong>Key features:<\/strong><\/h4>\n<ul>\n<li class=\"translation-block\"><strong>Ergonomic handle<\/strong>: Designed for a comfortable grip and easy handling, it enables precise casting and control.<\/li>\n<li class=\"translation-block\"><strong>Long cast<\/strong>: Allows casting up to <strong>30 meters<\/strong>, depending on hunting technique.<\/li>\n<li class=\"translation-block\"><strong>Lightweight construction<\/strong>: Made of <strong>Styrofoam<\/strong>, the reel is lightweight (approx. 65 g), but extremely strong and durable.<\/li>\n<li class=\"translation-block\"><strong>More colors<\/strong>: It is available in a variety of colors, allowing you to personalize it according to your preferences.<\/li>\n<\/ul>\n<h4><strong>Advantages of I\u017e Handle Caster with Handle<\/strong><\/h4>\n<ul>\n<li class=\"translation-block\"><strong>High efficiency<\/strong>: Enables quick and easy nylon unwinding, which increases the chances of a successful catch.<\/li>\n<li class=\"translation-block\"><strong>Ergonomics<\/strong>: The handle fits nicely in the hand, reducing fatigue during long fishing sessions.<\/li>\n<li class=\"translation-block\"><strong>Light and strong construction<\/strong>: Styrofoam ensures lightness and durability, which makes it practical to use.<\/li>\n<li class=\"translation-block\"><strong>Versatility<\/strong>: Suitable for a variety of fishing techniques, including shore and boat fishing.<\/li>\n<\/ul>\n<h4><strong>Technical specifications:<\/strong><\/h4>\n<ul>\n<li class=\"translation-block\"><strong>Width<\/strong>: 145 mm<\/li>\n<li class=\"translation-block\"><strong>Height<\/strong>: 195 mm<\/li>\n<li class=\"translation-block\"><strong>Thickness<\/strong>: 21 mm<\/li>\n<li><strong>Handle bore dimensions<\/strong>:\n<ul>\n<li>Visina: 89 mm<\/li>\n<li>Width: 30 mm<\/li>\n<li>Handle thickness: 29 mm<\/li>\n<\/ul>\n<\/li>\n<li class=\"translation-block\"><strong>Weight<\/strong>: approx. 65 g<\/li>\n<li class=\"translation-block\"><strong>Material<\/strong>: Styrofoam<\/li>\n<\/ul>\n<h4><strong>How to use I\u017e Handle Caster with Handle<\/strong><\/h4>\n<ol start=\"1\">\n<li class=\"translation-block\"><strong>Wind the nylon<\/strong>: Wind the nylon (monofil) on the reel, using the ergonomic handle for easier handling.<\/li>\n<li class=\"translation-block\"><strong>Throwing<\/strong>: Use the ergonomic handle for precise and long throwing (up to 30 m).<\/li>\n<li class=\"translation-block\"><strong>Unrolling<\/strong>: When fishing, quickly and easily unroll the nylon to attract fish.<\/li>\n<li class=\"translation-block\"><strong>Reeling<\/strong>: After fishing, simply wind the line onto the reel.<\/li>\n<\/ol>\n<h4><strong>Why choose I\u017e Handle Caster with Handle?<\/strong><\/h4>\n<ul>\n<li class=\"translation-block\"><strong>Accuracy and distance<\/strong>: Enables long throw and accurate throw.<\/li>\n<li class=\"translation-block\"><strong>Comfort<\/strong>: The ergonomic handle reduces fatigue and makes handling easier.<\/li>\n<li class=\"translation-block\"><strong>Durability<\/strong>: Made of high-quality styrofoam, the reel is durable and resistant to damage.<\/li>\n<li class=\"translation-block\"><strong>Versatility<\/strong>: It is suitable for different fishing techniques and types of fishing gear.<\/li>\n<\/ul>\n<h4><strong>Tips for use:<\/strong><\/h4>\n<ul>\n<li class=\"translation-block\"><strong>Regular cleaning<\/strong>: After each use, clean the reel from salt and dirt.<\/li>\n<li class=\"translation-block\"><strong>Proper storage<\/strong>: Store the reel in a dry place, away from direct sunlight.<\/li>\n<li class=\"translation-block\"><strong>Use the right nylon<\/strong>: Choose a nylon (monofilament) that suits your needs and fishing conditions.<\/li>\n<\/ul>","protected":false},"excerpt":{"rendered":"<p>Motavilo tunja &#8220;I\u017e&#8221; &#8211; s ru\u010dkom je ribolovni alat dizajniran za daleki izba\u010daj i lak\u0161e rukovanje prilikom lova.<\/p>","protected":false},"featured_media":8273,"comment_status":"open","ping_status":"closed","template":"","meta":{"_acf_changed":false},"product_brand":[],"product_cat":[112,129],"product_tag":[395,396,397,398],"class_list":{"0":"post-7497","1":"product","2":"type-product","3":"status-publish","4":"has-post-thumbnail","6":"product_cat-motavila","7":"product_cat-motavilo-iz-s-ruckom","8":"product_tag-daleki-izbacaj-za-ribolov","9":"product_tag-ergonomsko-motavilo-za-ribolov","10":"product_tag-motavilo-tunja-iz-s-ruckom","11":"product_tag-ribolovna-oprema-za-panule","13":"first","14":"instock","15":"taxable","16":"shipping-taxable","17":"purchasable","18":"product-type-variable"},"acf":[],"yoast_head":"<!-- This site is optimized with the Yoast SEO plugin v26.4 - https:\/\/yoast.com\/wordpress\/plugins\/seo\/ -->\n<title>Motavilo tunja &quot;I\u017e&quot; - s ru\u010dkom - I\u017eanka Zadar | izanka-zadar.hr<\/title>\n<meta name=\"description\" content=\"Motavilo tunja &#039;I\u017e&#039; s ru\u010dkom \u2013 savr\u0161en alat za daleki izba\u010daj i u\u010dinkovit ribolov. Ergonomska ru\u010dka i lagana konstrukcija. Dostupno u vi\u0161e boja.\" \/>\n<meta name=\"robots\" content=\"noindex, follow, max-snippet:-1, max-image-preview:large, max-video-preview:-1\" \/>\n<meta property=\"og:locale\" content=\"en_GB\" \/>\n<meta property=\"og:type\" content=\"article\" \/>\n<meta property=\"og:title\" content=\"Motavilo tunja &quot;I\u017e&quot; - s ru\u010dkom - I\u017eanka Zadar | izanka-zadar.hr\" \/>\n<meta property=\"og:description\" content=\"Motavilo tunja &#039;I\u017e&#039; s ru\u010dkom \u2013 savr\u0161en alat za daleki izba\u010daj i u\u010dinkovit ribolov. Ergonomska ru\u010dka i lagana konstrukcija. Dostupno u vi\u0161e boja.\" \/>\n<meta property=\"og:url\" content=\"https:\/\/staging.izanka-zadar.hr\/en\/product\/motavilo-tunja-iz-s-ruckom\/\" \/>\n<meta property=\"og:site_name\" content=\"I\u017eanka Zadar\" \/>\n<meta property=\"article:modified_time\" content=\"2025-09-05T18:39:48+00:00\" \/>\n<meta property=\"og:image\" content=\"https:\/\/staging.izanka-zadar.hr\/wp-content\/uploads\/2025\/08\/Motavilo-Iz-s-ruckom-a.webp\" \/>\n\t<meta property=\"og:image:width\" content=\"800\" \/>\n\t<meta property=\"og:image:height\" content=\"800\" \/>\n\t<meta property=\"og:image:type\" content=\"image\/webp\" \/>\n<meta name=\"twitter:card\" content=\"summary_large_image\" \/>\n<meta name=\"twitter:label1\" content=\"Estimated reading time\" \/>\n\t<meta name=\"twitter:data1\" content=\"3 minutes\" \/>\n<script type=\"application\/ld+json\" class=\"yoast-schema-graph\">{\"@context\":\"https:\/\/schema.org\",\"@graph\":[{\"@type\":\"WebPage\",\"@id\":\"https:\/\/staging.izanka-zadar.hr\/proizvod\/motavilo-tunja-iz-s-ruckom\/\",\"url\":\"https:\/\/staging.izanka-zadar.hr\/proizvod\/motavilo-tunja-iz-s-ruckom\/\",\"name\":\"Motavilo tunja \\\"I\u017e\\\" - s ru\u010dkom - I\u017eanka Zadar | izanka-zadar.hr\",\"isPartOf\":{\"@id\":\"https:\/\/staging.izanka-zadar.hr\/#website\"},\"primaryImageOfPage\":{\"@id\":\"https:\/\/staging.izanka-zadar.hr\/proizvod\/motavilo-tunja-iz-s-ruckom\/#primaryimage\"},\"image\":{\"@id\":\"https:\/\/staging.izanka-zadar.hr\/proizvod\/motavilo-tunja-iz-s-ruckom\/#primaryimage\"},\"thumbnailUrl\":\"https:\/\/staging.izanka-zadar.hr\/wp-content\/uploads\/2025\/08\/Motavilo-Iz-s-ruckom-a.webp\",\"datePublished\":\"2025-08-23T17:22:40+00:00\",\"dateModified\":\"2025-09-05T18:39:48+00:00\",\"description\":\"Motavilo tunja 'I\u017e' s ru\u010dkom \u2013 savr\u0161en alat za daleki izba\u010daj i u\u010dinkovit ribolov. Ergonomska ru\u010dka i lagana konstrukcija. Dostupno u vi\u0161e boja.\",\"breadcrumb\":{\"@id\":\"https:\/\/staging.izanka-zadar.hr\/proizvod\/motavilo-tunja-iz-s-ruckom\/#breadcrumb\"},\"inLanguage\":\"en-GB\",\"potentialAction\":[{\"@type\":\"ReadAction\",\"target\":[\"https:\/\/staging.izanka-zadar.hr\/proizvod\/motavilo-tunja-iz-s-ruckom\/\"]}]},{\"@type\":\"ImageObject\",\"inLanguage\":\"en-GB\",\"@id\":\"https:\/\/staging.izanka-zadar.hr\/proizvod\/motavilo-tunja-iz-s-ruckom\/#primaryimage\",\"url\":\"https:\/\/staging.izanka-zadar.hr\/wp-content\/uploads\/2025\/08\/Motavilo-Iz-s-ruckom-a.webp\",\"contentUrl\":\"https:\/\/staging.izanka-zadar.hr\/wp-content\/uploads\/2025\/08\/Motavilo-Iz-s-ruckom-a.webp\",\"width\":800,\"height\":800,\"caption\":\"Sve boje motavila i\u017e s ru\u010dom, motavila poslagana u visinu\"},{\"@type\":\"BreadcrumbList\",\"@id\":\"https:\/\/staging.izanka-zadar.hr\/proizvod\/motavilo-tunja-iz-s-ruckom\/#breadcrumb\",\"itemListElement\":[{\"@type\":\"ListItem\",\"position\":1,\"name\":\"Po\u010detna stranica\",\"item\":\"https:\/\/staging.izanka-zadar.hr\/\"},{\"@type\":\"ListItem\",\"position\":2,\"name\":\"Shop\",\"item\":\"https:\/\/staging.izanka-zadar.hr\/shop\/\"},{\"@type\":\"ListItem\",\"position\":3,\"name\":\"Motavilo tunja &#8220;I\u017e&#8221; &#8211; s ru\u010dkom\"}]},{\"@type\":\"WebSite\",\"@id\":\"https:\/\/staging.izanka-zadar.hr\/#website\",\"url\":\"https:\/\/staging.izanka-zadar.hr\/\",\"name\":\"I\u017eanka Zadar\",\"description\":\"Tradicija ribolova\",\"potentialAction\":[{\"@type\":\"SearchAction\",\"target\":{\"@type\":\"EntryPoint\",\"urlTemplate\":\"https:\/\/staging.izanka-zadar.hr\/?s={search_term_string}\"},\"query-input\":{\"@type\":\"PropertyValueSpecification\",\"valueRequired\":true,\"valueName\":\"search_term_string\"}}],\"inLanguage\":\"en-GB\"}]}<\/script>\n<!-- \/ Yoast SEO plugin. -->","yoast_head_json":{"title":"Motavilo tunja \"I\u017e\" - s ru\u010dkom - I\u017eanka Zadar | izanka-zadar.hr","description":"Motavilo tunja 'I\u017e' s ru\u010dkom \u2013 savr\u0161en alat za daleki izba\u010daj i u\u010dinkovit ribolov. Ergonomska ru\u010dka i lagana konstrukcija. Dostupno u vi\u0161e boja.","robots":{"index":"noindex","follow":"follow","max-snippet":"max-snippet:-1","max-image-preview":"max-image-preview:large","max-video-preview":"max-video-preview:-1"},"og_locale":"en_GB","og_type":"article","og_title":"Motavilo tunja \"I\u017e\" - s ru\u010dkom - I\u017eanka Zadar | izanka-zadar.hr","og_description":"Motavilo tunja 'I\u017e' s ru\u010dkom \u2013 savr\u0161en alat za daleki izba\u010daj i u\u010dinkovit ribolov. Ergonomska ru\u010dka i lagana konstrukcija. Dostupno u vi\u0161e boja.","og_url":"https:\/\/staging.izanka-zadar.hr\/en\/product\/motavilo-tunja-iz-s-ruckom\/","og_site_name":"I\u017eanka Zadar","article_modified_time":"2025-09-05T18:39:48+00:00","og_image":[{"width":800,"height":800,"url":"https:\/\/staging.izanka-zadar.hr\/wp-content\/uploads\/2025\/08\/Motavilo-Iz-s-ruckom-a.webp","type":"image\/webp"}],"twitter_card":"summary_large_image","twitter_misc":{"Estimated reading time":"3 minutes"},"schema":{"@context":"https:\/\/schema.org","@graph":[{"@type":"WebPage","@id":"https:\/\/staging.izanka-zadar.hr\/proizvod\/motavilo-tunja-iz-s-ruckom\/","url":"https:\/\/staging.izanka-zadar.hr\/proizvod\/motavilo-tunja-iz-s-ruckom\/","name":"Motavilo tunja \"I\u017e\" - s ru\u010dkom - I\u017eanka Zadar | izanka-zadar.hr","isPartOf":{"@id":"https:\/\/staging.izanka-zadar.hr\/#website"},"primaryImageOfPage":{"@id":"https:\/\/staging.izanka-zadar.hr\/proizvod\/motavilo-tunja-iz-s-ruckom\/#primaryimage"},"image":{"@id":"https:\/\/staging.izanka-zadar.hr\/proizvod\/motavilo-tunja-iz-s-ruckom\/#primaryimage"},"thumbnailUrl":"https:\/\/staging.izanka-zadar.hr\/wp-content\/uploads\/2025\/08\/Motavilo-Iz-s-ruckom-a.webp","datePublished":"2025-08-23T17:22:40+00:00","dateModified":"2025-09-05T18:39:48+00:00","description":"Motavilo tunja 'I\u017e' s ru\u010dkom \u2013 savr\u0161en alat za daleki izba\u010daj i u\u010dinkovit ribolov. Ergonomska ru\u010dka i lagana konstrukcija. Dostupno u vi\u0161e boja.","breadcrumb":{"@id":"https:\/\/staging.izanka-zadar.hr\/proizvod\/motavilo-tunja-iz-s-ruckom\/#breadcrumb"},"inLanguage":"en-GB","potentialAction":[{"@type":"ReadAction","target":["https:\/\/staging.izanka-zadar.hr\/proizvod\/motavilo-tunja-iz-s-ruckom\/"]}]},{"@type":"ImageObject","inLanguage":"en-GB","@id":"https:\/\/staging.izanka-zadar.hr\/proizvod\/motavilo-tunja-iz-s-ruckom\/#primaryimage","url":"https:\/\/staging.izanka-zadar.hr\/wp-content\/uploads\/2025\/08\/Motavilo-Iz-s-ruckom-a.webp","contentUrl":"https:\/\/staging.izanka-zadar.hr\/wp-content\/uploads\/2025\/08\/Motavilo-Iz-s-ruckom-a.webp","width":800,"height":800,"caption":"Sve boje motavila i\u017e s ru\u010dom, motavila poslagana u visinu"},{"@type":"BreadcrumbList","@id":"https:\/\/staging.izanka-zadar.hr\/proizvod\/motavilo-tunja-iz-s-ruckom\/#breadcrumb","itemListElement":[{"@type":"ListItem","position":1,"name":"Po\u010detna stranica","item":"https:\/\/staging.izanka-zadar.hr\/"},{"@type":"ListItem","position":2,"name":"Shop","item":"https:\/\/staging.izanka-zadar.hr\/shop\/"},{"@type":"ListItem","position":3,"name":"Motavilo tunja &#8220;I\u017e&#8221; &#8211; s ru\u010dkom"}]},{"@type":"WebSite","@id":"https:\/\/staging.izanka-zadar.hr\/#website","url":"https:\/\/staging.izanka-zadar.hr\/","name":"I\u017eanka Zadar","description":"Fishing Tradition","potentialAction":[{"@type":"SearchAction","target":{"@type":"EntryPoint","urlTemplate":"https:\/\/staging.izanka-zadar.hr\/?s={search_term_string}"},"query-input":{"@type":"PropertyValueSpecification","valueRequired":true,"valueName":"search_term_string"}}],"inLanguage":"en-GB"}]}},"_links":{"self":[{"href":"https:\/\/staging.izanka-zadar.hr\/en\/wp-json\/wp\/v2\/product\/7497","targetHints":{"allow":["GET"]}}],"collection":[{"href":"https:\/\/staging.izanka-zadar.hr\/en\/wp-json\/wp\/v2\/product"}],"about":[{"href":"https:\/\/staging.izanka-zadar.hr\/en\/wp-json\/wp\/v2\/types\/product"}],"replies":[{"embeddable":true,"href":"https:\/\/staging.izanka-zadar.hr\/en\/wp-json\/wp\/v2\/comments?post=7497"}],"version-history":[{"count":0,"href":"https:\/\/staging.izanka-zadar.hr\/en\/wp-json\/wp\/v2\/product\/7497\/revisions"}],"wp:featuredmedia":[{"embeddable":true,"href":"https:\/\/staging.izanka-zadar.hr\/en\/wp-json\/wp\/v2\/media\/8273"}],"wp:attachment":[{"href":"https:\/\/staging.izanka-zadar.hr\/en\/wp-json\/wp\/v2\/media?parent=7497"}],"wp:term":[{"taxonomy":"product_brand","embeddable":true,"href":"https:\/\/staging.izanka-zadar.hr\/en\/wp-json\/wp\/v2\/product_brand?post=7497"},{"taxonomy":"product_cat","embeddable":true,"href":"https:\/\/staging.izanka-zadar.hr\/en\/wp-json\/wp\/v2\/product_cat?post=7497"},{"taxonomy":"product_tag","embeddable":true,"href":"https:\/\/staging.izanka-zadar.hr\/en\/wp-json\/wp\/v2\/product_tag?post=7497"}],"curies":[{"name":"wp","href":"https:\/\/api.w.org\/{rel}","templated":true}]}}