{"id":7436,"date":"2025-08-23T17:22:26","date_gmt":"2025-08-23T17:22:26","guid":{"rendered":"https:\/\/staging.izanka-zadar.hr\/?post_type=product&#038;p=7436"},"modified":"2025-09-06T19:30:45","modified_gmt":"2025-09-06T19:30:45","slug":"parangal-konop","status":"publish","type":"product","link":"https:\/\/staging.izanka-zadar.hr\/en\/product\/parangal-konop\/","title":{"rendered":"Longline with Rope Main Line"},"content":{"rendered":"<h3><strong>Longline with Rope Main Line - 30, 50, 100 hooks - the perfect tool for catching bottom and predatory fish<\/strong><\/h3>\n<p class=\"translation-block\">Longline \u2013 30, 50, 100 hook line is a fishing tool intended for <strong>catching all types of bottom fish<\/strong> such as <strong>two-banded sea bream, spanish seabream, sheephead bream, brown meagre<\/strong>, as well as <strong>predators<\/strong> such as <strong>dentex, gilt head bream and eel<\/strong>. This longline is special in that it allows you to cover a <strong>larger area of \u200b\u200bthe fishing area<\/strong>, which increases the chances of a successful catch. It is available in three sizes \u2013 <strong>30, 50 and 100 hook lines<\/strong> \u2013 which makes it adaptable to different fishing conditions.<\/p>\n<h4><strong>Key features:<\/strong><\/h4>\n<ul>\n<li class=\"translation-block\"><strong>30, 50 or 100 hooks<\/strong>: Allows for fishing over a wide area, with hook spacing of <strong>5 m<\/strong> or more, depending on the type of fish.<\/li>\n<li class=\"translation-block\"><strong>Mustad hooks<\/strong>: High-quality <strong><a href=\"https:\/\/mustad-fishing.com\/eu\" target=\"_blank\" rel=\"noopener\">Mustad<\/a> 2310DT<\/strong> hooks are used in sizes 8, 9, 10, 11, 12 and 13.<\/li>\n<li class=\"translation-block\"><strong>Long synthetic braid base<\/strong>: The base is made of\u00a0<strong>1.5 mm diameter synthetic braid<\/strong>, which ensures durability and reliability.<\/li>\n<li class=\"translation-block\"><strong>Rigs<\/strong>: Lengths of <strong>1 m<\/strong>, with a thickness of <strong>0.50 to 0.80 mm<\/strong>, ensure stability and efficiency.<\/li>\n<\/ul>\n<h4><strong>Advantages of the Longline with Rope Main Line<\/strong><\/h4>\n<ul>\n<li class=\"translation-block\"><strong>Wide hunting area<\/strong>: Thanks to the large number of hooks and the spacing between them, the longline covers a large area.<\/li>\n<li class=\"translation-block\"><strong>High efficiency<\/strong>: Suitable for catching various types of fish, including bottom fish and predators.<\/li>\n<li class=\"translation-block\"><strong>Quality components<\/strong>: Mustad hooks and strong synthetic braid ensure durability and reliability.<\/li>\n<li class=\"translation-block\"><strong>Easy to use<\/strong>: Easy to install and remove, even for beginners.<\/li>\n<\/ul>\n<h4><strong>Technical specifications:<\/strong><\/h4>\n<ul>\n<li class=\"translation-block\"><strong>Base thickness<\/strong>: Synthetic braid \u2205 1.5 mm<\/li>\n<li class=\"translation-block\"><strong>Rig thickness<\/strong>: 0.50\u20130.80 mm<\/li>\n<li class=\"translation-block\"><strong>Length of the rig<\/strong>: approx. 1 m<\/li>\n<li class=\"translation-block\"><strong>Hook spacing<\/strong>: approx. 5 m<\/li>\n<li class=\"translation-block\"><strong>Hooks<\/strong>: Mustad 2310DT, sizes 8\u201313<\/li>\n<\/ul>\n<h4><strong>How to use the Longline with Rope Main Line?<\/strong><\/h4>\n<ol start=\"1\">\n<li class=\"translation-block\"><strong>Preparing the longline<\/strong>: Attach the <a href=\"https:\/\/izanka-zadar.hr\/testing5\/proizvod\/kavical-s-konopom\/\" target=\"_blank\" rel=\"noopener\"><strong>marker<\/strong><\/a> to one end of the base and lower the weight to the bottom.<\/li>\n<li class=\"translation-block\"><strong>Laying the hooks<\/strong>: Lay the base with the hooks into the sea, with the distance between the hooks <strong>about 5 meters<\/strong>.<\/li>\n<li class=\"translation-block\"><strong>Finishing the laying<\/strong>: Attach another marker to the other end of the base and lower the weight to the bottom.<\/li>\n<li class=\"translation-block\"><strong>Additional markers<\/strong>: Depending on the length of the longline and the terrain, you can add one or more markers to the middle of the base.<\/li>\n<\/ol>\n<h4><strong>Why choose the Longline with Rope Main Line?<\/strong><\/h4>\n<ul>\n<li class=\"translation-block\"><strong>Versatility<\/strong>: Suitable for catching various types of fish, including bottom fish and predators.<\/li>\n<li class=\"translation-block\"><strong>Quality components<\/strong>: Mustad hooks and strong synthetic braid ensure excellent results.<\/li>\n<li class=\"translation-block\"><strong>Practicality<\/strong>: Easy to set up and remove, making it ideal for fishermen of all experience levels.<\/li>\n<li class=\"translation-block\"><strong>Wide hunting area<\/strong>: Thanks to the large number of hooks, the chance of catching fish increases.<\/li>\n<\/ul>\n<h4><strong>Tips for successful fishing:<\/strong><\/h4>\n<ul>\n<li class=\"translation-block\"><strong>Choose the right spot<\/strong>: Demersal fish and predators inhabit areas with rocky and sandy bottoms.<\/li>\n<li class=\"translation-block\"><strong>Use natural bait<\/strong>: Use <strong>worms, grubs, or squid<\/strong> as bait.<\/li>\n<li class=\"translation-block\"><strong>Monitor weather conditions<\/strong>: Best results are achieved during calm seas and light winds. Read more about longline fishing in our <a href=\"https:\/\/izanka-zadar.hr\/testing5\/ribolov-parangalom-kompletan-vodic-za-ribolovce\/\" target=\"_blank\" rel=\"noopener\">blog<\/a>.<\/li>\n<\/ul>","protected":false},"excerpt":{"rendered":"<p>Longline with Rope Main Line<\/p>","protected":false},"featured_media":8324,"comment_status":"open","ping_status":"closed","template":"","meta":{"_acf_changed":false},"product_brand":[],"product_cat":[500,355],"product_tag":[363,364,365,366,361,362],"class_list":{"0":"post-7436","1":"product","2":"type-product","3":"status-publish","4":"has-post-thumbnail","6":"product_cat-parangal-konop","7":"product_cat-parangali-za-ribolov","8":"product_tag-parangal-konop-100-udica","9":"product_tag-parangal-konop-30-udica","10":"product_tag-parangal-konop-50-udica","11":"product_tag-parangal-za-zubaca","12":"product_tag-ribolovna-oprema-za-more","13":"product_tag-udice-mustad-za-ribolov","15":"first","16":"instock","17":"taxable","18":"shipping-taxable","19":"purchasable","20":"product-type-variable"},"acf":[],"yoast_head":"<!-- This site is optimized with the Yoast SEO plugin v26.4 - https:\/\/yoast.com\/wordpress\/plugins\/seo\/ -->\n<title>Parangal - konop - I\u017eanka Zadar | izanka-zadar.hr - web shop<\/title>\n<meta name=\"description\" content=\"Parangal - konop 30, 50, 100 udica \u2013 savr\u0161en alat za lov pridnene ribe i grabljivica. Kofa, udice Mustad i sinteti\u010dka pletenica. Naru\u010dite svoj parangal!\" \/>\n<meta name=\"robots\" content=\"noindex, follow, max-snippet:-1, max-image-preview:large, max-video-preview:-1\" \/>\n<meta property=\"og:locale\" content=\"en_GB\" \/>\n<meta property=\"og:type\" content=\"article\" \/>\n<meta property=\"og:title\" content=\"Parangal - konop - I\u017eanka Zadar | izanka-zadar.hr - web shop\" \/>\n<meta property=\"og:description\" content=\"Parangal - konop 30, 50, 100 udica \u2013 savr\u0161en alat za lov pridnene ribe i grabljivica. Kofa, udice Mustad i sinteti\u010dka pletenica. Naru\u010dite svoj parangal!\" \/>\n<meta property=\"og:url\" content=\"https:\/\/staging.izanka-zadar.hr\/en\/product\/parangal-konop\/\" \/>\n<meta property=\"og:site_name\" content=\"I\u017eanka Zadar\" \/>\n<meta property=\"article:modified_time\" content=\"2025-09-06T19:30:45+00:00\" \/>\n<meta property=\"og:image\" content=\"https:\/\/staging.izanka-zadar.hr\/wp-content\/uploads\/2025\/08\/Parangal-100-udica-konop-a.webp\" \/>\n\t<meta property=\"og:image:width\" content=\"800\" \/>\n\t<meta property=\"og:image:height\" content=\"800\" \/>\n\t<meta property=\"og:image:type\" content=\"image\/webp\" \/>\n<meta name=\"twitter:card\" content=\"summary_large_image\" \/>\n<meta name=\"twitter:label1\" content=\"Estimated reading time\" \/>\n\t<meta name=\"twitter:data1\" content=\"3 minutes\" \/>\n<script type=\"application\/ld+json\" class=\"yoast-schema-graph\">{\"@context\":\"https:\/\/schema.org\",\"@graph\":[{\"@type\":\"WebPage\",\"@id\":\"https:\/\/staging.izanka-zadar.hr\/proizvod\/parangal-konop\/\",\"url\":\"https:\/\/staging.izanka-zadar.hr\/proizvod\/parangal-konop\/\",\"name\":\"Parangal - konop - I\u017eanka Zadar | izanka-zadar.hr - web shop\",\"isPartOf\":{\"@id\":\"https:\/\/staging.izanka-zadar.hr\/#website\"},\"primaryImageOfPage\":{\"@id\":\"https:\/\/staging.izanka-zadar.hr\/proizvod\/parangal-konop\/#primaryimage\"},\"image\":{\"@id\":\"https:\/\/staging.izanka-zadar.hr\/proizvod\/parangal-konop\/#primaryimage\"},\"thumbnailUrl\":\"https:\/\/staging.izanka-zadar.hr\/wp-content\/uploads\/2025\/08\/Parangal-100-udica-konop-a.webp\",\"datePublished\":\"2025-08-23T17:22:26+00:00\",\"dateModified\":\"2025-09-06T19:30:45+00:00\",\"description\":\"Parangal - konop 30, 50, 100 udica \u2013 savr\u0161en alat za lov pridnene ribe i grabljivica. Kofa, udice Mustad i sinteti\u010dka pletenica. Naru\u010dite svoj parangal!\",\"breadcrumb\":{\"@id\":\"https:\/\/staging.izanka-zadar.hr\/proizvod\/parangal-konop\/#breadcrumb\"},\"inLanguage\":\"en-GB\",\"potentialAction\":[{\"@type\":\"ReadAction\",\"target\":[\"https:\/\/staging.izanka-zadar.hr\/proizvod\/parangal-konop\/\"]}]},{\"@type\":\"ImageObject\",\"inLanguage\":\"en-GB\",\"@id\":\"https:\/\/staging.izanka-zadar.hr\/proizvod\/parangal-konop\/#primaryimage\",\"url\":\"https:\/\/staging.izanka-zadar.hr\/wp-content\/uploads\/2025\/08\/Parangal-100-udica-konop-a.webp\",\"contentUrl\":\"https:\/\/staging.izanka-zadar.hr\/wp-content\/uploads\/2025\/08\/Parangal-100-udica-konop-a.webp\",\"width\":800,\"height\":800,\"caption\":\"Parangal s 100 udica, konop, udice Mustad i plavom gr\u010dkom kofom za lov s broda na oboritu ribu, idealan za profesionalce i rekreativce.\"},{\"@type\":\"BreadcrumbList\",\"@id\":\"https:\/\/staging.izanka-zadar.hr\/proizvod\/parangal-konop\/#breadcrumb\",\"itemListElement\":[{\"@type\":\"ListItem\",\"position\":1,\"name\":\"Po\u010detna stranica\",\"item\":\"https:\/\/staging.izanka-zadar.hr\/\"},{\"@type\":\"ListItem\",\"position\":2,\"name\":\"Shop\",\"item\":\"https:\/\/staging.izanka-zadar.hr\/shop\/\"},{\"@type\":\"ListItem\",\"position\":3,\"name\":\"Parangal &#8211; konop\"}]},{\"@type\":\"WebSite\",\"@id\":\"https:\/\/staging.izanka-zadar.hr\/#website\",\"url\":\"https:\/\/staging.izanka-zadar.hr\/\",\"name\":\"I\u017eanka Zadar\",\"description\":\"Tradicija ribolova\",\"potentialAction\":[{\"@type\":\"SearchAction\",\"target\":{\"@type\":\"EntryPoint\",\"urlTemplate\":\"https:\/\/staging.izanka-zadar.hr\/?s={search_term_string}\"},\"query-input\":{\"@type\":\"PropertyValueSpecification\",\"valueRequired\":true,\"valueName\":\"search_term_string\"}}],\"inLanguage\":\"en-GB\"}]}<\/script>\n<!-- \/ Yoast SEO plugin. -->","yoast_head_json":{"title":"Parangal - konop - I\u017eanka Zadar | izanka-zadar.hr - web shop","description":"Parangal - konop 30, 50, 100 udica \u2013 savr\u0161en alat za lov pridnene ribe i grabljivica. Kofa, udice Mustad i sinteti\u010dka pletenica. Naru\u010dite svoj parangal!","robots":{"index":"noindex","follow":"follow","max-snippet":"max-snippet:-1","max-image-preview":"max-image-preview:large","max-video-preview":"max-video-preview:-1"},"og_locale":"en_GB","og_type":"article","og_title":"Parangal - konop - I\u017eanka Zadar | izanka-zadar.hr - web shop","og_description":"Parangal - konop 30, 50, 100 udica \u2013 savr\u0161en alat za lov pridnene ribe i grabljivica. Kofa, udice Mustad i sinteti\u010dka pletenica. Naru\u010dite svoj parangal!","og_url":"https:\/\/staging.izanka-zadar.hr\/en\/product\/parangal-konop\/","og_site_name":"I\u017eanka Zadar","article_modified_time":"2025-09-06T19:30:45+00:00","og_image":[{"width":800,"height":800,"url":"https:\/\/staging.izanka-zadar.hr\/wp-content\/uploads\/2025\/08\/Parangal-100-udica-konop-a.webp","type":"image\/webp"}],"twitter_card":"summary_large_image","twitter_misc":{"Estimated reading time":"3 minutes"},"schema":{"@context":"https:\/\/schema.org","@graph":[{"@type":"WebPage","@id":"https:\/\/staging.izanka-zadar.hr\/proizvod\/parangal-konop\/","url":"https:\/\/staging.izanka-zadar.hr\/proizvod\/parangal-konop\/","name":"Parangal - konop - I\u017eanka Zadar | izanka-zadar.hr - web shop","isPartOf":{"@id":"https:\/\/staging.izanka-zadar.hr\/#website"},"primaryImageOfPage":{"@id":"https:\/\/staging.izanka-zadar.hr\/proizvod\/parangal-konop\/#primaryimage"},"image":{"@id":"https:\/\/staging.izanka-zadar.hr\/proizvod\/parangal-konop\/#primaryimage"},"thumbnailUrl":"https:\/\/staging.izanka-zadar.hr\/wp-content\/uploads\/2025\/08\/Parangal-100-udica-konop-a.webp","datePublished":"2025-08-23T17:22:26+00:00","dateModified":"2025-09-06T19:30:45+00:00","description":"Parangal - konop 30, 50, 100 udica \u2013 savr\u0161en alat za lov pridnene ribe i grabljivica. Kofa, udice Mustad i sinteti\u010dka pletenica. Naru\u010dite svoj parangal!","breadcrumb":{"@id":"https:\/\/staging.izanka-zadar.hr\/proizvod\/parangal-konop\/#breadcrumb"},"inLanguage":"en-GB","potentialAction":[{"@type":"ReadAction","target":["https:\/\/staging.izanka-zadar.hr\/proizvod\/parangal-konop\/"]}]},{"@type":"ImageObject","inLanguage":"en-GB","@id":"https:\/\/staging.izanka-zadar.hr\/proizvod\/parangal-konop\/#primaryimage","url":"https:\/\/staging.izanka-zadar.hr\/wp-content\/uploads\/2025\/08\/Parangal-100-udica-konop-a.webp","contentUrl":"https:\/\/staging.izanka-zadar.hr\/wp-content\/uploads\/2025\/08\/Parangal-100-udica-konop-a.webp","width":800,"height":800,"caption":"Parangal s 100 udica, konop, udice Mustad i plavom gr\u010dkom kofom za lov s broda na oboritu ribu, idealan za profesionalce i rekreativce."},{"@type":"BreadcrumbList","@id":"https:\/\/staging.izanka-zadar.hr\/proizvod\/parangal-konop\/#breadcrumb","itemListElement":[{"@type":"ListItem","position":1,"name":"Po\u010detna stranica","item":"https:\/\/staging.izanka-zadar.hr\/"},{"@type":"ListItem","position":2,"name":"Shop","item":"https:\/\/staging.izanka-zadar.hr\/shop\/"},{"@type":"ListItem","position":3,"name":"Parangal &#8211; konop"}]},{"@type":"WebSite","@id":"https:\/\/staging.izanka-zadar.hr\/#website","url":"https:\/\/staging.izanka-zadar.hr\/","name":"I\u017eanka Zadar","description":"Fishing Tradition","potentialAction":[{"@type":"SearchAction","target":{"@type":"EntryPoint","urlTemplate":"https:\/\/staging.izanka-zadar.hr\/?s={search_term_string}"},"query-input":{"@type":"PropertyValueSpecification","valueRequired":true,"valueName":"search_term_string"}}],"inLanguage":"en-GB"}]}},"_links":{"self":[{"href":"https:\/\/staging.izanka-zadar.hr\/en\/wp-json\/wp\/v2\/product\/7436","targetHints":{"allow":["GET"]}}],"collection":[{"href":"https:\/\/staging.izanka-zadar.hr\/en\/wp-json\/wp\/v2\/product"}],"about":[{"href":"https:\/\/staging.izanka-zadar.hr\/en\/wp-json\/wp\/v2\/types\/product"}],"replies":[{"embeddable":true,"href":"https:\/\/staging.izanka-zadar.hr\/en\/wp-json\/wp\/v2\/comments?post=7436"}],"version-history":[{"count":0,"href":"https:\/\/staging.izanka-zadar.hr\/en\/wp-json\/wp\/v2\/product\/7436\/revisions"}],"wp:featuredmedia":[{"embeddable":true,"href":"https:\/\/staging.izanka-zadar.hr\/en\/wp-json\/wp\/v2\/media\/8324"}],"wp:attachment":[{"href":"https:\/\/staging.izanka-zadar.hr\/en\/wp-json\/wp\/v2\/media?parent=7436"}],"wp:term":[{"taxonomy":"product_brand","embeddable":true,"href":"https:\/\/staging.izanka-zadar.hr\/en\/wp-json\/wp\/v2\/product_brand?post=7436"},{"taxonomy":"product_cat","embeddable":true,"href":"https:\/\/staging.izanka-zadar.hr\/en\/wp-json\/wp\/v2\/product_cat?post=7436"},{"taxonomy":"product_tag","embeddable":true,"href":"https:\/\/staging.izanka-zadar.hr\/en\/wp-json\/wp\/v2\/product_tag?post=7436"}],"curies":[{"name":"wp","href":"https:\/\/api.w.org\/{rel}","templated":true}]}}