{"id":7435,"date":"2025-08-23T17:22:26","date_gmt":"2025-08-23T17:22:26","guid":{"rendered":"https:\/\/staging.izanka-zadar.hr\/?post_type=product&#038;p=7435"},"modified":"2025-09-12T15:02:01","modified_gmt":"2025-09-12T15:02:01","slug":"mini-parangal-10-udica","status":"publish","type":"product","link":"https:\/\/staging.izanka-zadar.hr\/en\/product\/mini-parangal-10-udica\/","title":{"rendered":"Mini Longline 10 Hooks"},"content":{"rendered":"<p class=\"translation-block\">Mini Longline 10 hooks is a fishing tool intended for <strong>catching all types of bottom fish<\/strong> such as <strong>monkfish, bream, pike and carp<\/strong>, as well as <strong>predators<\/strong> such as <strong>toothfish, bream and eel<\/strong>. This longline consists of <strong>two <a href=\"https:\/\/izanka-zadar.hr\/testing5\/proizvod\/motavilo-samica-plosnata\/\" target=\"_blank\" rel=\"noopener\">flat reels<\/a><\/strong> each containing <strong>50 m of nylon<\/strong> with a weight of <strong>100 g<\/strong>, and <strong>10 hooks<\/strong> spaced <strong>5 m<\/strong> apart. It is an ideal solution for fishermen looking for a compact and efficient tool.<\/p>\n<h4><strong>Key features:<\/strong><\/h4>\n<ul>\n<li class=\"translation-block\"><strong>10 hooks<\/strong>: The hooks are spaced <strong>5 m<\/strong> apart, allowing for wide area coverage.<\/li>\n<li class=\"translation-block\"><strong>Mustad hooks<\/strong>: High-quality <a href=\"https:\/\/mustad-fishing.com\/eu\" target=\"_blank\" rel=\"noopener\"><strong>Mustad<\/strong><\/a> hooks in sizes 8, 9, 10, 11, 12 and 13 are used.<\/li>\n<li class=\"translation-block\"><strong>Flat hand line reels<\/strong>: Two reels with <strong>50 m of nylon<\/strong> and a <strong>100 g<\/strong> weight each allow for easy setting and lifting of the longline.<\/li>\n<li class=\"translation-block\"><strong>Rigs<\/strong>: Lengths of <strong>1 m<\/strong>, with a thickness of <strong>0.50 mm<\/strong>, ensure durability and reliability.<\/li>\n<\/ul>\n<h4><strong>Advantages of the Mini Longline 10 hooks:<\/strong><\/h4>\n<ul>\n<li class=\"translation-block\"><strong>Compactness<\/strong>: It is an ideal solution for fishermen looking for a simple and practical tool.<\/li>\n<li class=\"translation-block\"><strong>High efficiency<\/strong>: Covers a wide area, which increases the chances of catching.<\/li>\n<li class=\"translation-block\"><strong>Quality components<\/strong>: Mustad hooks and strong nylon ensure durability and reliability.<\/li>\n<li class=\"translation-block\"><strong>Easy to use<\/strong>: Easy to install and remove, even for beginners.<\/li>\n<\/ul>\n<h4><strong>Technical specifications:<\/strong><\/h4>\n<ul>\n<li class=\"translation-block\"><strong>Base thickness<\/strong>: 0.60 mm<\/li>\n<li class=\"translation-block\"><strong>Rig thickness<\/strong>: 0.50 mm<\/li>\n<li class=\"translation-block\"><strong>Rig length<\/strong>: 1 m<\/li>\n<li class=\"translation-block\"><strong>Hook spacing<\/strong>: approx. 5 m<\/li>\n<li class=\"translation-block\"><strong>Thickness of nylon on the fishing marker<\/strong>: 0.70 mm<\/li>\n<li class=\"translation-block\"><strong>Weight<\/strong>: approx. 100 g<\/li>\n<li class=\"translation-block\"><strong>Hooks<\/strong>: Mustad, sizes 8\u201313<\/li>\n<\/ul>\n<h4><strong>How to use Mini Longline 10 hooks?<\/strong><\/h4>\n<ol start=\"1\">\n<li class=\"translation-block\"><strong>Preparation of the longline<\/strong>: Unroll one side of the fishing marker with a weight and lower it into the sea.<\/li>\n<li class=\"translation-block\"><strong>Hook Laying<\/strong>: Unroll the other side with the base and hooks, carefully placing them in the sea.<\/li>\n<li><strong>Completion of placement<\/strong>: Attach another weighted fishing marker buoy  to the other end of the base and lower it into the sea.<\/li>\n<li class=\"translation-block\"><strong>Wait and check<\/strong>: After setting up, wait for some time before checking the catch.<\/li>\n<\/ol>\n<h4><strong>Why choose Mini Longline 10 hooks?<\/strong><\/h4>\n<ul>\n<li class=\"translation-block\"><strong>Versatility<\/strong>: Suitable for catching various types of fish, including bottom fish and predatory fish. Intended for fishing from a boat.<\/li>\n<li class=\"translation-block\"><strong>Quality components<\/strong>: Mustad hooks and strong nylon ensure excellent results.<\/li>\n<li class=\"translation-block\"><strong>Practicality<\/strong>: Easy to set up and remove, making it ideal for fishermen of all experience levels.<\/li>\n<li class=\"translation-block\"><strong>Compactness<\/strong>: It is designed for easy storage and transport.<\/li>\n<\/ul>\n<h4><strong>Tips for successful fishing:<\/strong><\/h4>\n<ul>\n<li class=\"translation-block\"><strong>Choose the right spot<\/strong>: Demersal fish and predators inhabit areas with rocky and sandy bottoms.<\/li>\n<li class=\"translation-block\"><strong>Use natural bait<\/strong>: Use <strong>worms, grubs, or squid<\/strong> as bait.<\/li>\n<li class=\"translation-block\"><strong>Monitor the weather conditions<\/strong>: You will achieve the best results during calm seas and light winds.<\/li>\n<\/ul>\n<p>&nbsp;<\/p>","protected":false},"excerpt":{"rendered":"<p>Mini Longline 10 Hooks<\/p>","protected":false},"featured_media":8420,"comment_status":"open","ping_status":"closed","template":"","meta":{"_acf_changed":false},"product_brand":[],"product_cat":[507,355],"product_tag":[356,357,358,359,360,361,362],"class_list":{"0":"post-7435","1":"product","2":"type-product","3":"status-publish","4":"has-post-thumbnail","6":"product_cat-mini-parangal-10-udica","7":"product_cat-parangali-za-ribolov","8":"product_tag-lov-pridnene-ribe","9":"product_tag-mini-parangal-10-udica","10":"product_tag-parangal-10-udica","11":"product_tag-parangal-za-grabljivice","12":"product_tag-ribolov-na-fratre-i-arbune","13":"product_tag-ribolovna-oprema-za-more","14":"product_tag-udice-mustad-za-ribolov","16":"first","17":"outofstock","18":"taxable","19":"shipping-taxable","20":"purchasable","21":"product-type-simple"},"acf":[],"yoast_head":"<!-- This site is optimized with the Yoast SEO plugin v26.4 - https:\/\/yoast.com\/wordpress\/plugins\/seo\/ -->\n<title>Mini Parangal 10 udica - I\u017eanka Zadar | izanka-zadar.hr | web shop<\/title>\n<meta name=\"description\" content=\"Mini Parangal 10 udica \u2013 savr\u0161en alat za lov pridnene i grabljivice ribe. Uklju\u010duje udice Mustad, plosnata motavila i \u010dvrst najlon. Naru\u010dite svoj parangal!\" \/>\n<meta name=\"robots\" content=\"noindex, follow, max-snippet:-1, max-image-preview:large, max-video-preview:-1\" \/>\n<meta property=\"og:locale\" content=\"en_GB\" \/>\n<meta property=\"og:type\" content=\"article\" \/>\n<meta property=\"og:title\" content=\"Mini Parangal 10 udica - I\u017eanka Zadar | izanka-zadar.hr | web shop\" \/>\n<meta property=\"og:description\" content=\"Mini Parangal 10 udica \u2013 savr\u0161en alat za lov pridnene i grabljivice ribe. Uklju\u010duje udice Mustad, plosnata motavila i \u010dvrst najlon. Naru\u010dite svoj parangal!\" \/>\n<meta property=\"og:url\" content=\"https:\/\/staging.izanka-zadar.hr\/en\/product\/mini-parangal-10-udica\/\" \/>\n<meta property=\"og:site_name\" content=\"I\u017eanka Zadar\" \/>\n<meta property=\"article:modified_time\" content=\"2025-09-12T15:02:01+00:00\" \/>\n<meta property=\"og:image\" content=\"https:\/\/staging.izanka-zadar.hr\/wp-content\/uploads\/2025\/08\/Mini-Parangal-10-Udica-3-a.webp\" \/>\n\t<meta property=\"og:image:width\" content=\"800\" \/>\n\t<meta property=\"og:image:height\" content=\"800\" \/>\n\t<meta property=\"og:image:type\" content=\"image\/webp\" \/>\n<meta name=\"twitter:card\" content=\"summary_large_image\" \/>\n<meta name=\"twitter:label1\" content=\"Estimated reading time\" \/>\n\t<meta name=\"twitter:data1\" content=\"3 minutes\" \/>\n<script type=\"application\/ld+json\" class=\"yoast-schema-graph\">{\"@context\":\"https:\/\/schema.org\",\"@graph\":[{\"@type\":\"WebPage\",\"@id\":\"https:\/\/staging.izanka-zadar.hr\/proizvod\/mini-parangal-10-udica\/\",\"url\":\"https:\/\/staging.izanka-zadar.hr\/proizvod\/mini-parangal-10-udica\/\",\"name\":\"Mini Parangal 10 udica - I\u017eanka Zadar | izanka-zadar.hr | web shop\",\"isPartOf\":{\"@id\":\"https:\/\/staging.izanka-zadar.hr\/#website\"},\"primaryImageOfPage\":{\"@id\":\"https:\/\/staging.izanka-zadar.hr\/proizvod\/mini-parangal-10-udica\/#primaryimage\"},\"image\":{\"@id\":\"https:\/\/staging.izanka-zadar.hr\/proizvod\/mini-parangal-10-udica\/#primaryimage\"},\"thumbnailUrl\":\"https:\/\/staging.izanka-zadar.hr\/wp-content\/uploads\/2025\/08\/Mini-Parangal-10-Udica-3-a.webp\",\"datePublished\":\"2025-08-23T17:22:26+00:00\",\"dateModified\":\"2025-09-12T15:02:01+00:00\",\"description\":\"Mini Parangal 10 udica \u2013 savr\u0161en alat za lov pridnene i grabljivice ribe. Uklju\u010duje udice Mustad, plosnata motavila i \u010dvrst najlon. Naru\u010dite svoj parangal!\",\"breadcrumb\":{\"@id\":\"https:\/\/staging.izanka-zadar.hr\/proizvod\/mini-parangal-10-udica\/#breadcrumb\"},\"inLanguage\":\"en-GB\",\"potentialAction\":[{\"@type\":\"ReadAction\",\"target\":[\"https:\/\/staging.izanka-zadar.hr\/proizvod\/mini-parangal-10-udica\/\"]}]},{\"@type\":\"ImageObject\",\"inLanguage\":\"en-GB\",\"@id\":\"https:\/\/staging.izanka-zadar.hr\/proizvod\/mini-parangal-10-udica\/#primaryimage\",\"url\":\"https:\/\/staging.izanka-zadar.hr\/wp-content\/uploads\/2025\/08\/Mini-Parangal-10-Udica-3-a.webp\",\"contentUrl\":\"https:\/\/staging.izanka-zadar.hr\/wp-content\/uploads\/2025\/08\/Mini-Parangal-10-Udica-3-a.webp\",\"width\":800,\"height\":800,\"caption\":\"10 Udica Parangal\"},{\"@type\":\"BreadcrumbList\",\"@id\":\"https:\/\/staging.izanka-zadar.hr\/proizvod\/mini-parangal-10-udica\/#breadcrumb\",\"itemListElement\":[{\"@type\":\"ListItem\",\"position\":1,\"name\":\"Po\u010detna stranica\",\"item\":\"https:\/\/staging.izanka-zadar.hr\/\"},{\"@type\":\"ListItem\",\"position\":2,\"name\":\"Shop\",\"item\":\"https:\/\/staging.izanka-zadar.hr\/shop\/\"},{\"@type\":\"ListItem\",\"position\":3,\"name\":\"Mini Parangal 10 udica\"}]},{\"@type\":\"WebSite\",\"@id\":\"https:\/\/staging.izanka-zadar.hr\/#website\",\"url\":\"https:\/\/staging.izanka-zadar.hr\/\",\"name\":\"I\u017eanka Zadar\",\"description\":\"Tradicija ribolova\",\"potentialAction\":[{\"@type\":\"SearchAction\",\"target\":{\"@type\":\"EntryPoint\",\"urlTemplate\":\"https:\/\/staging.izanka-zadar.hr\/?s={search_term_string}\"},\"query-input\":{\"@type\":\"PropertyValueSpecification\",\"valueRequired\":true,\"valueName\":\"search_term_string\"}}],\"inLanguage\":\"en-GB\"}]}<\/script>\n<!-- \/ Yoast SEO plugin. -->","yoast_head_json":{"title":"Mini Parangal 10 udica - I\u017eanka Zadar | izanka-zadar.hr | web shop","description":"Mini Parangal 10 udica \u2013 savr\u0161en alat za lov pridnene i grabljivice ribe. Uklju\u010duje udice Mustad, plosnata motavila i \u010dvrst najlon. Naru\u010dite svoj parangal!","robots":{"index":"noindex","follow":"follow","max-snippet":"max-snippet:-1","max-image-preview":"max-image-preview:large","max-video-preview":"max-video-preview:-1"},"og_locale":"en_GB","og_type":"article","og_title":"Mini Parangal 10 udica - I\u017eanka Zadar | izanka-zadar.hr | web shop","og_description":"Mini Parangal 10 udica \u2013 savr\u0161en alat za lov pridnene i grabljivice ribe. Uklju\u010duje udice Mustad, plosnata motavila i \u010dvrst najlon. Naru\u010dite svoj parangal!","og_url":"https:\/\/staging.izanka-zadar.hr\/en\/product\/mini-parangal-10-udica\/","og_site_name":"I\u017eanka Zadar","article_modified_time":"2025-09-12T15:02:01+00:00","og_image":[{"width":800,"height":800,"url":"https:\/\/staging.izanka-zadar.hr\/wp-content\/uploads\/2025\/08\/Mini-Parangal-10-Udica-3-a.webp","type":"image\/webp"}],"twitter_card":"summary_large_image","twitter_misc":{"Estimated reading time":"3 minutes"},"schema":{"@context":"https:\/\/schema.org","@graph":[{"@type":"WebPage","@id":"https:\/\/staging.izanka-zadar.hr\/proizvod\/mini-parangal-10-udica\/","url":"https:\/\/staging.izanka-zadar.hr\/proizvod\/mini-parangal-10-udica\/","name":"Mini Parangal 10 udica - I\u017eanka Zadar | izanka-zadar.hr | web shop","isPartOf":{"@id":"https:\/\/staging.izanka-zadar.hr\/#website"},"primaryImageOfPage":{"@id":"https:\/\/staging.izanka-zadar.hr\/proizvod\/mini-parangal-10-udica\/#primaryimage"},"image":{"@id":"https:\/\/staging.izanka-zadar.hr\/proizvod\/mini-parangal-10-udica\/#primaryimage"},"thumbnailUrl":"https:\/\/staging.izanka-zadar.hr\/wp-content\/uploads\/2025\/08\/Mini-Parangal-10-Udica-3-a.webp","datePublished":"2025-08-23T17:22:26+00:00","dateModified":"2025-09-12T15:02:01+00:00","description":"Mini Parangal 10 udica \u2013 savr\u0161en alat za lov pridnene i grabljivice ribe. Uklju\u010duje udice Mustad, plosnata motavila i \u010dvrst najlon. Naru\u010dite svoj parangal!","breadcrumb":{"@id":"https:\/\/staging.izanka-zadar.hr\/proizvod\/mini-parangal-10-udica\/#breadcrumb"},"inLanguage":"en-GB","potentialAction":[{"@type":"ReadAction","target":["https:\/\/staging.izanka-zadar.hr\/proizvod\/mini-parangal-10-udica\/"]}]},{"@type":"ImageObject","inLanguage":"en-GB","@id":"https:\/\/staging.izanka-zadar.hr\/proizvod\/mini-parangal-10-udica\/#primaryimage","url":"https:\/\/staging.izanka-zadar.hr\/wp-content\/uploads\/2025\/08\/Mini-Parangal-10-Udica-3-a.webp","contentUrl":"https:\/\/staging.izanka-zadar.hr\/wp-content\/uploads\/2025\/08\/Mini-Parangal-10-Udica-3-a.webp","width":800,"height":800,"caption":"10 Udica Parangal"},{"@type":"BreadcrumbList","@id":"https:\/\/staging.izanka-zadar.hr\/proizvod\/mini-parangal-10-udica\/#breadcrumb","itemListElement":[{"@type":"ListItem","position":1,"name":"Po\u010detna stranica","item":"https:\/\/staging.izanka-zadar.hr\/"},{"@type":"ListItem","position":2,"name":"Shop","item":"https:\/\/staging.izanka-zadar.hr\/shop\/"},{"@type":"ListItem","position":3,"name":"Mini Parangal 10 udica"}]},{"@type":"WebSite","@id":"https:\/\/staging.izanka-zadar.hr\/#website","url":"https:\/\/staging.izanka-zadar.hr\/","name":"I\u017eanka Zadar","description":"Fishing Tradition","potentialAction":[{"@type":"SearchAction","target":{"@type":"EntryPoint","urlTemplate":"https:\/\/staging.izanka-zadar.hr\/?s={search_term_string}"},"query-input":{"@type":"PropertyValueSpecification","valueRequired":true,"valueName":"search_term_string"}}],"inLanguage":"en-GB"}]}},"_links":{"self":[{"href":"https:\/\/staging.izanka-zadar.hr\/en\/wp-json\/wp\/v2\/product\/7435","targetHints":{"allow":["GET"]}}],"collection":[{"href":"https:\/\/staging.izanka-zadar.hr\/en\/wp-json\/wp\/v2\/product"}],"about":[{"href":"https:\/\/staging.izanka-zadar.hr\/en\/wp-json\/wp\/v2\/types\/product"}],"replies":[{"embeddable":true,"href":"https:\/\/staging.izanka-zadar.hr\/en\/wp-json\/wp\/v2\/comments?post=7435"}],"version-history":[{"count":0,"href":"https:\/\/staging.izanka-zadar.hr\/en\/wp-json\/wp\/v2\/product\/7435\/revisions"}],"wp:featuredmedia":[{"embeddable":true,"href":"https:\/\/staging.izanka-zadar.hr\/en\/wp-json\/wp\/v2\/media\/8420"}],"wp:attachment":[{"href":"https:\/\/staging.izanka-zadar.hr\/en\/wp-json\/wp\/v2\/media?parent=7435"}],"wp:term":[{"taxonomy":"product_brand","embeddable":true,"href":"https:\/\/staging.izanka-zadar.hr\/en\/wp-json\/wp\/v2\/product_brand?post=7435"},{"taxonomy":"product_cat","embeddable":true,"href":"https:\/\/staging.izanka-zadar.hr\/en\/wp-json\/wp\/v2\/product_cat?post=7435"},{"taxonomy":"product_tag","embeddable":true,"href":"https:\/\/staging.izanka-zadar.hr\/en\/wp-json\/wp\/v2\/product_tag?post=7435"}],"curies":[{"name":"wp","href":"https:\/\/api.w.org\/{rel}","templated":true}]}}