{"id":7425,"date":"2025-08-23T17:22:25","date_gmt":"2025-08-23T17:22:25","guid":{"rendered":"https:\/\/staging.izanka-zadar.hr\/?post_type=product&#038;p=7425"},"modified":"2025-09-04T21:09:46","modified_gmt":"2025-09-04T21:09:46","slug":"olovo-oliva-30g","status":"publish","type":"product","link":"https:\/\/staging.izanka-zadar.hr\/en\/product\/olovo-oliva-30g\/","title":{"rendered":"Oliva Sinker 30g"},"content":{"rendered":"<p>Oliva 30g lead is used in making round bottom fishing rigs and handline fishing rigs. Due to its specific shape, it is more difficult to get stuck on the rocky bottom.<\/p>","protected":false},"excerpt":{"rendered":"<p>Oliva Sinker 30g<\/p>","protected":false},"featured_media":8238,"comment_status":"open","ping_status":"closed","template":"","meta":{"_acf_changed":false},"product_brand":[],"product_cat":[519,191],"product_tag":[],"class_list":{"0":"post-7425","1":"product","2":"type-product","3":"status-publish","4":"has-post-thumbnail","6":"product_cat-olovo","7":"product_cat-ostalo","9":"first","10":"instock","11":"taxable","12":"shipping-taxable","13":"purchasable","14":"product-type-simple"},"acf":[],"yoast_head":"<!-- This site is optimized with the Yoast SEO plugin v26.4 - https:\/\/yoast.com\/wordpress\/plugins\/seo\/ -->\n<title>Olovo Oliva 30g - I\u017eanka Zadar<\/title>\n<meta name=\"description\" content=\"Olovo Oliva 30g koristi se kod izrade okruglih samica i kan\u010danica. Zbog svog specifi\u010dnog oblika te\u017ee zapinje za kamenito dno.\" \/>\n<meta name=\"robots\" content=\"noindex, follow, max-snippet:-1, max-image-preview:large, max-video-preview:-1\" \/>\n<meta property=\"og:locale\" content=\"en_GB\" \/>\n<meta property=\"og:type\" content=\"article\" \/>\n<meta property=\"og:title\" content=\"Olovo Oliva 30g - I\u017eanka Zadar\" \/>\n<meta property=\"og:description\" content=\"Olovo Oliva 30g koristi se kod izrade okruglih samica i kan\u010danica. Zbog svog specifi\u010dnog oblika te\u017ee zapinje za kamenito dno.\" \/>\n<meta property=\"og:url\" content=\"https:\/\/staging.izanka-zadar.hr\/en\/product\/olovo-oliva-30g\/\" \/>\n<meta property=\"og:site_name\" content=\"I\u017eanka Zadar\" \/>\n<meta property=\"article:modified_time\" content=\"2025-09-04T21:09:46+00:00\" \/>\n<meta property=\"og:image\" content=\"https:\/\/staging.izanka-zadar.hr\/wp-content\/uploads\/2025\/08\/olovo-oliva-30g-1a.webp\" \/>\n\t<meta property=\"og:image:width\" content=\"800\" \/>\n\t<meta property=\"og:image:height\" content=\"800\" \/>\n\t<meta property=\"og:image:type\" content=\"image\/webp\" \/>\n<meta name=\"twitter:card\" content=\"summary_large_image\" \/>\n<meta name=\"twitter:label1\" content=\"Estimated reading time\" \/>\n\t<meta name=\"twitter:data1\" content=\"1 minute\" \/>\n<script type=\"application\/ld+json\" class=\"yoast-schema-graph\">{\"@context\":\"https:\/\/schema.org\",\"@graph\":[{\"@type\":\"WebPage\",\"@id\":\"https:\/\/staging.izanka-zadar.hr\/proizvod\/olovo-oliva-30g\/\",\"url\":\"https:\/\/staging.izanka-zadar.hr\/proizvod\/olovo-oliva-30g\/\",\"name\":\"Olovo Oliva 30g - I\u017eanka Zadar\",\"isPartOf\":{\"@id\":\"https:\/\/staging.izanka-zadar.hr\/#website\"},\"primaryImageOfPage\":{\"@id\":\"https:\/\/staging.izanka-zadar.hr\/proizvod\/olovo-oliva-30g\/#primaryimage\"},\"image\":{\"@id\":\"https:\/\/staging.izanka-zadar.hr\/proizvod\/olovo-oliva-30g\/#primaryimage\"},\"thumbnailUrl\":\"https:\/\/staging.izanka-zadar.hr\/wp-content\/uploads\/2025\/08\/olovo-oliva-30g-1a.webp\",\"datePublished\":\"2025-08-23T17:22:25+00:00\",\"dateModified\":\"2025-09-04T21:09:46+00:00\",\"description\":\"Olovo Oliva 30g koristi se kod izrade okruglih samica i kan\u010danica. Zbog svog specifi\u010dnog oblika te\u017ee zapinje za kamenito dno.\",\"breadcrumb\":{\"@id\":\"https:\/\/staging.izanka-zadar.hr\/proizvod\/olovo-oliva-30g\/#breadcrumb\"},\"inLanguage\":\"en-GB\",\"potentialAction\":[{\"@type\":\"ReadAction\",\"target\":[\"https:\/\/staging.izanka-zadar.hr\/proizvod\/olovo-oliva-30g\/\"]}]},{\"@type\":\"ImageObject\",\"inLanguage\":\"en-GB\",\"@id\":\"https:\/\/staging.izanka-zadar.hr\/proizvod\/olovo-oliva-30g\/#primaryimage\",\"url\":\"https:\/\/staging.izanka-zadar.hr\/wp-content\/uploads\/2025\/08\/olovo-oliva-30g-1a.webp\",\"contentUrl\":\"https:\/\/staging.izanka-zadar.hr\/wp-content\/uploads\/2025\/08\/olovo-oliva-30g-1a.webp\",\"width\":800,\"height\":800,\"caption\":\"olovo-oliva-30g\"},{\"@type\":\"BreadcrumbList\",\"@id\":\"https:\/\/staging.izanka-zadar.hr\/proizvod\/olovo-oliva-30g\/#breadcrumb\",\"itemListElement\":[{\"@type\":\"ListItem\",\"position\":1,\"name\":\"Po\u010detna stranica\",\"item\":\"https:\/\/staging.izanka-zadar.hr\/\"},{\"@type\":\"ListItem\",\"position\":2,\"name\":\"Shop\",\"item\":\"https:\/\/staging.izanka-zadar.hr\/shop\/\"},{\"@type\":\"ListItem\",\"position\":3,\"name\":\"Olovo Oliva 30g\"}]},{\"@type\":\"WebSite\",\"@id\":\"https:\/\/staging.izanka-zadar.hr\/#website\",\"url\":\"https:\/\/staging.izanka-zadar.hr\/\",\"name\":\"I\u017eanka Zadar\",\"description\":\"Tradicija ribolova\",\"potentialAction\":[{\"@type\":\"SearchAction\",\"target\":{\"@type\":\"EntryPoint\",\"urlTemplate\":\"https:\/\/staging.izanka-zadar.hr\/?s={search_term_string}\"},\"query-input\":{\"@type\":\"PropertyValueSpecification\",\"valueRequired\":true,\"valueName\":\"search_term_string\"}}],\"inLanguage\":\"en-GB\"}]}<\/script>\n<!-- \/ Yoast SEO plugin. -->","yoast_head_json":{"title":"Olovo Oliva 30g - I\u017eanka Zadar","description":"Oliva 30g lead is used in making round bottom fishing rigs and handline fishing rigs. Due to its specific shape, it is more difficult to get stuck on the rocky bottom.","robots":{"index":"noindex","follow":"follow","max-snippet":"max-snippet:-1","max-image-preview":"max-image-preview:large","max-video-preview":"max-video-preview:-1"},"og_locale":"en_GB","og_type":"article","og_title":"Olovo Oliva 30g - I\u017eanka Zadar","og_description":"Olovo Oliva 30g koristi se kod izrade okruglih samica i kan\u010danica. Zbog svog specifi\u010dnog oblika te\u017ee zapinje za kamenito dno.","og_url":"https:\/\/staging.izanka-zadar.hr\/en\/product\/olovo-oliva-30g\/","og_site_name":"I\u017eanka Zadar","article_modified_time":"2025-09-04T21:09:46+00:00","og_image":[{"width":800,"height":800,"url":"https:\/\/staging.izanka-zadar.hr\/wp-content\/uploads\/2025\/08\/olovo-oliva-30g-1a.webp","type":"image\/webp"}],"twitter_card":"summary_large_image","twitter_misc":{"Estimated reading time":"1 minute"},"schema":{"@context":"https:\/\/schema.org","@graph":[{"@type":"WebPage","@id":"https:\/\/staging.izanka-zadar.hr\/proizvod\/olovo-oliva-30g\/","url":"https:\/\/staging.izanka-zadar.hr\/proizvod\/olovo-oliva-30g\/","name":"Olovo Oliva 30g - I\u017eanka Zadar","isPartOf":{"@id":"https:\/\/staging.izanka-zadar.hr\/#website"},"primaryImageOfPage":{"@id":"https:\/\/staging.izanka-zadar.hr\/proizvod\/olovo-oliva-30g\/#primaryimage"},"image":{"@id":"https:\/\/staging.izanka-zadar.hr\/proizvod\/olovo-oliva-30g\/#primaryimage"},"thumbnailUrl":"https:\/\/staging.izanka-zadar.hr\/wp-content\/uploads\/2025\/08\/olovo-oliva-30g-1a.webp","datePublished":"2025-08-23T17:22:25+00:00","dateModified":"2025-09-04T21:09:46+00:00","description":"Oliva 30g lead is used in making round bottom fishing rigs and handline fishing rigs. Due to its specific shape, it is more difficult to get stuck on the rocky bottom.","breadcrumb":{"@id":"https:\/\/staging.izanka-zadar.hr\/proizvod\/olovo-oliva-30g\/#breadcrumb"},"inLanguage":"en-GB","potentialAction":[{"@type":"ReadAction","target":["https:\/\/staging.izanka-zadar.hr\/proizvod\/olovo-oliva-30g\/"]}]},{"@type":"ImageObject","inLanguage":"en-GB","@id":"https:\/\/staging.izanka-zadar.hr\/proizvod\/olovo-oliva-30g\/#primaryimage","url":"https:\/\/staging.izanka-zadar.hr\/wp-content\/uploads\/2025\/08\/olovo-oliva-30g-1a.webp","contentUrl":"https:\/\/staging.izanka-zadar.hr\/wp-content\/uploads\/2025\/08\/olovo-oliva-30g-1a.webp","width":800,"height":800,"caption":"olovo-oliva-30g"},{"@type":"BreadcrumbList","@id":"https:\/\/staging.izanka-zadar.hr\/proizvod\/olovo-oliva-30g\/#breadcrumb","itemListElement":[{"@type":"ListItem","position":1,"name":"Po\u010detna stranica","item":"https:\/\/staging.izanka-zadar.hr\/"},{"@type":"ListItem","position":2,"name":"Shop","item":"https:\/\/staging.izanka-zadar.hr\/shop\/"},{"@type":"ListItem","position":3,"name":"Olovo Oliva 30g"}]},{"@type":"WebSite","@id":"https:\/\/staging.izanka-zadar.hr\/#website","url":"https:\/\/staging.izanka-zadar.hr\/","name":"I\u017eanka Zadar","description":"Fishing Tradition","potentialAction":[{"@type":"SearchAction","target":{"@type":"EntryPoint","urlTemplate":"https:\/\/staging.izanka-zadar.hr\/?s={search_term_string}"},"query-input":{"@type":"PropertyValueSpecification","valueRequired":true,"valueName":"search_term_string"}}],"inLanguage":"en-GB"}]}},"_links":{"self":[{"href":"https:\/\/staging.izanka-zadar.hr\/en\/wp-json\/wp\/v2\/product\/7425","targetHints":{"allow":["GET"]}}],"collection":[{"href":"https:\/\/staging.izanka-zadar.hr\/en\/wp-json\/wp\/v2\/product"}],"about":[{"href":"https:\/\/staging.izanka-zadar.hr\/en\/wp-json\/wp\/v2\/types\/product"}],"replies":[{"embeddable":true,"href":"https:\/\/staging.izanka-zadar.hr\/en\/wp-json\/wp\/v2\/comments?post=7425"}],"version-history":[{"count":0,"href":"https:\/\/staging.izanka-zadar.hr\/en\/wp-json\/wp\/v2\/product\/7425\/revisions"}],"wp:featuredmedia":[{"embeddable":true,"href":"https:\/\/staging.izanka-zadar.hr\/en\/wp-json\/wp\/v2\/media\/8238"}],"wp:attachment":[{"href":"https:\/\/staging.izanka-zadar.hr\/en\/wp-json\/wp\/v2\/media?parent=7425"}],"wp:term":[{"taxonomy":"product_brand","embeddable":true,"href":"https:\/\/staging.izanka-zadar.hr\/en\/wp-json\/wp\/v2\/product_brand?post=7425"},{"taxonomy":"product_cat","embeddable":true,"href":"https:\/\/staging.izanka-zadar.hr\/en\/wp-json\/wp\/v2\/product_cat?post=7425"},{"taxonomy":"product_tag","embeddable":true,"href":"https:\/\/staging.izanka-zadar.hr\/en\/wp-json\/wp\/v2\/product_tag?post=7425"}],"curies":[{"name":"wp","href":"https:\/\/api.w.org\/{rel}","templated":true}]}}